{"id":16915,"date":"2021-04-20T00:26:21","date_gmt":"2021-04-20T05:26:21","guid":{"rendered":"http:\/\/119.8.7.19\/masterprom\/producto\/0-7100-t-2\/"},"modified":"2021-04-20T00:26:22","modified_gmt":"2021-04-20T05:26:22","slug":"0-7100-t-2","status":"publish","type":"product","link":"http:\/\/119.8.7.19\/masterprom\/producto\/0-7100-t-2\/","title":{"rendered":"0.7100.T"},"content":{"rendered":"<p>Swiss card roja transparente, 10 usos, 1. abrecartas (hoja), 2. Tijeras, 3. Pinzas, 4. palillo de dientes, 5. bol\u00edgrafo de presi\u00f3n, 6. alfiler, inox, 7. regla (cm), 8. regla (pulgadas), ,9. lima para u\u00f1as con 10. \u0096 destornillador<\/p>\n","protected":false},"excerpt":{"rendered":"<p>Swiss card roja transparente, 10 usos, 1. abrecartas (hoja), 2. Tijeras, 3. Pinzas, 4. palillo de dientes, 5. bol\u00edgrafo de presi\u00f3n, 6. alfiler, inox, 7. regla (cm), 8. regla (pulgadas), ,9. lima para u\u00f1as con 10. \u0096 destornillador<\/p>\n","protected":false},"featured_media":0,"comment_status":"closed","ping_status":"open","template":"","meta":[],"class_list":["post-16915","product","type-product","status-publish","hentry","product_cat-herramientas","product_cat-varios-herramientas","product_tag-victorinox"],"_links":{"self":[{"href":"http:\/\/119.8.7.19\/masterprom\/wp-json\/wp\/v2\/product\/16915","targetHints":{"allow":["GET"]}}],"collection":[{"href":"http:\/\/119.8.7.19\/masterprom\/wp-json\/wp\/v2\/product"}],"about":[{"href":"http:\/\/119.8.7.19\/masterprom\/wp-json\/wp\/v2\/types\/product"}],"replies":[{"embeddable":true,"href":"http:\/\/119.8.7.19\/masterprom\/wp-json\/wp\/v2\/comments?post=16915"}],"wp:attachment":[{"href":"http:\/\/119.8.7.19\/masterprom\/wp-json\/wp\/v2\/media?parent=16915"}],"curies":[{"name":"wp","href":"https:\/\/api.w.org\/{rel}","templated":true}]}}