{"id":16910,"date":"2021-04-20T00:26:21","date_gmt":"2021-04-20T05:26:21","guid":{"rendered":"http:\/\/119.8.7.19\/masterprom\/producto\/t528\/"},"modified":"2021-04-20T00:26:21","modified_gmt":"2021-04-20T05:26:21","slug":"t528","status":"publish","type":"product","link":"http:\/\/119.8.7.19\/masterprom\/producto\/t528\/","title":{"rendered":"T528"},"content":{"rendered":"<p>Organizador. Dos amplios compartimentos de 25,5 cm (aprox) cada uno con dos estructuras de cart\u00f3n que permiten armar los contenedores. Uno de los compartimentos tiene un bolsillo de red. Manijas recubiertas en pl\u00e1stico. Arandelas met\u00e1licas. En la parte inferior contiene velcro que se adhiere a la superficie. Banda el\u00e1stica que mantiene cerrado el organizador cuando no esta en uso.51 x 26,5 x 32,5 cm. (abierto). 5 x 26,5 x 32,5 cm (cerrado).<\/p>\n","protected":false},"excerpt":{"rendered":"<p>Organizador. Dos amplios compartimentos de 25,5 cm (aprox) cada uno con dos estructuras de cart\u00f3n que permiten armar los contenedores. Uno de los compartimentos tiene un bolsillo de red. Manijas recubiertas en pl\u00e1stico. Arandelas met\u00e1licas. En la parte inferior contiene velcro que se adhiere a la superficie. Banda el\u00e1stica que mantiene cerrado el organizador cuando no esta en uso.51 x 26,5 x 32,5 cm. (abierto). 5 x 26,5 x 32,5 cm (cerrado).<\/p>\n","protected":false},"featured_media":0,"comment_status":"closed","ping_status":"open","template":"","meta":[],"class_list":["post-16910","product","type-product","status-publish","hentry","product_cat-herramientas","product_cat-varios-herramientas","product_tag-cdo","pa_detalle-especifico-51-x-265-x-325-cm-abierto-5-x-265-x-325-cm-cerrado"],"_links":{"self":[{"href":"http:\/\/119.8.7.19\/masterprom\/wp-json\/wp\/v2\/product\/16910","targetHints":{"allow":["GET"]}}],"collection":[{"href":"http:\/\/119.8.7.19\/masterprom\/wp-json\/wp\/v2\/product"}],"about":[{"href":"http:\/\/119.8.7.19\/masterprom\/wp-json\/wp\/v2\/types\/product"}],"replies":[{"embeddable":true,"href":"http:\/\/119.8.7.19\/masterprom\/wp-json\/wp\/v2\/comments?post=16910"}],"wp:attachment":[{"href":"http:\/\/119.8.7.19\/masterprom\/wp-json\/wp\/v2\/media?parent=16910"}],"curies":[{"name":"wp","href":"https:\/\/api.w.org\/{rel}","templated":true}]}}