{"id":16899,"date":"2021-04-20T00:26:18","date_gmt":"2021-04-20T05:26:18","guid":{"rendered":"http:\/\/119.8.7.19\/masterprom\/producto\/enc-tep\/"},"modified":"2021-04-20T00:26:19","modified_gmt":"2021-04-20T05:26:19","slug":"enc-tep","status":"publish","type":"product","link":"http:\/\/119.8.7.19\/masterprom\/producto\/enc-tep\/","title":{"rendered":"ENC-TEP"},"content":{"rendered":"<p>Encendedor de pl\u00e1stico con dise\u00f1o moderno que no contiene gas. Funciona con una resistencia que se enciende al deslizar la pieza retr\u00e1ctil. Se recarga en cualquier puerto USB y prende mas de 100 veces con cada recarga. Incluye estuche individual.<\/p>\n","protected":false},"excerpt":{"rendered":"<p>Encendedor de pl\u00e1stico con dise\u00f1o moderno que no contiene gas. Funciona con una resistencia que se enciende al deslizar la pieza retr\u00e1ctil. Se recarga en cualquier puerto USB y prende mas de 100 veces con cada recarga. Incluye estuche individual.<\/p>\n","protected":false},"featured_media":0,"comment_status":"closed","ping_status":"open","template":"","meta":[],"class_list":["post-16899","product","type-product","status-publish","hentry","product_cat-encendedores","product_cat-herramientas","product_tag-g4"],"_links":{"self":[{"href":"http:\/\/119.8.7.19\/masterprom\/wp-json\/wp\/v2\/product\/16899","targetHints":{"allow":["GET"]}}],"collection":[{"href":"http:\/\/119.8.7.19\/masterprom\/wp-json\/wp\/v2\/product"}],"about":[{"href":"http:\/\/119.8.7.19\/masterprom\/wp-json\/wp\/v2\/types\/product"}],"replies":[{"embeddable":true,"href":"http:\/\/119.8.7.19\/masterprom\/wp-json\/wp\/v2\/comments?post=16899"}],"wp:attachment":[{"href":"http:\/\/119.8.7.19\/masterprom\/wp-json\/wp\/v2\/media?parent=16899"}],"curies":[{"name":"wp","href":"https:\/\/api.w.org\/{rel}","templated":true}]}}