{"id":16886,"date":"2021-04-20T00:26:15","date_gmt":"2021-04-20T05:26:15","guid":{"rendered":"http:\/\/119.8.7.19\/masterprom\/producto\/lam-300\/"},"modified":"2021-04-20T00:26:17","modified_gmt":"2021-04-20T05:26:17","slug":"lam-300","status":"publish","type":"product","link":"http:\/\/119.8.7.19\/masterprom\/producto\/lam-300\/","title":{"rendered":"LAM-300"},"content":{"rendered":"<p>L\u00e1mpara Rider (1 LED, luz blanca. Incluye 3 bater\u00edas de bot\u00f3n.)<\/p>\n","protected":false},"excerpt":{"rendered":"<p>L\u00e1mpara Rider (1 LED, luz blanca. Incluye 3 bater\u00edas de bot\u00f3n.)<\/p>\n","protected":false},"featured_media":0,"comment_status":"closed","ping_status":"open","template":"","meta":[],"class_list":["post-16886","product","type-product","status-publish","hentry","product_cat-herramientas","product_cat-linternas","product_tag-promoopcion"],"_links":{"self":[{"href":"http:\/\/119.8.7.19\/masterprom\/wp-json\/wp\/v2\/product\/16886","targetHints":{"allow":["GET"]}}],"collection":[{"href":"http:\/\/119.8.7.19\/masterprom\/wp-json\/wp\/v2\/product"}],"about":[{"href":"http:\/\/119.8.7.19\/masterprom\/wp-json\/wp\/v2\/types\/product"}],"replies":[{"embeddable":true,"href":"http:\/\/119.8.7.19\/masterprom\/wp-json\/wp\/v2\/comments?post=16886"}],"wp:attachment":[{"href":"http:\/\/119.8.7.19\/masterprom\/wp-json\/wp\/v2\/media?parent=16886"}],"curies":[{"name":"wp","href":"https:\/\/api.w.org\/{rel}","templated":true}]}}