{"id":16881,"date":"2021-04-20T00:26:15","date_gmt":"2021-04-20T05:26:15","guid":{"rendered":"http:\/\/119.8.7.19\/masterprom\/producto\/hr11121\/"},"modified":"2021-04-20T00:26:16","modified_gmt":"2021-04-20T05:26:16","slug":"hr11121","status":"publish","type":"product","link":"http:\/\/119.8.7.19\/masterprom\/producto\/hr11121\/","title":{"rendered":"HR11121"},"content":{"rendered":"<p>Lampara slim magnetic 24 leds on luz de 4 LEDs, de 24 LEDs o ambas a la vez. Parte posterior magn\u00e9tica para f\u00e1cil almacenamiento o para colocaci\u00f3n contra superficies met\u00e1licas cuando se use. Bot\u00f3n on\/off de pulsar. Correa para sujetar, de nylon. Incluye 4 bater\u00edas AAA.<\/p>\n","protected":false},"excerpt":{"rendered":"<p>Lampara slim magnetic 24 leds on luz de 4 LEDs, de 24 LEDs o ambas a la vez. Parte posterior magn\u00e9tica para f\u00e1cil almacenamiento o para colocaci\u00f3n contra superficies met\u00e1licas cuando se use. Bot\u00f3n on\/off de pulsar. Correa para sujetar, de nylon. Incluye 4 bater\u00edas AAA.<\/p>\n","protected":false},"featured_media":0,"comment_status":"closed","ping_status":"open","template":"","meta":[],"class_list":["post-16881","product","type-product","status-publish","hentry","product_cat-herramientas","product_cat-linternas","product_tag-promoline"],"_links":{"self":[{"href":"http:\/\/119.8.7.19\/masterprom\/wp-json\/wp\/v2\/product\/16881","targetHints":{"allow":["GET"]}}],"collection":[{"href":"http:\/\/119.8.7.19\/masterprom\/wp-json\/wp\/v2\/product"}],"about":[{"href":"http:\/\/119.8.7.19\/masterprom\/wp-json\/wp\/v2\/types\/product"}],"replies":[{"embeddable":true,"href":"http:\/\/119.8.7.19\/masterprom\/wp-json\/wp\/v2\/comments?post=16881"}],"wp:attachment":[{"href":"http:\/\/119.8.7.19\/masterprom\/wp-json\/wp\/v2\/media?parent=16881"}],"curies":[{"name":"wp","href":"https:\/\/api.w.org\/{rel}","templated":true}]}}