{"id":16880,"date":"2021-04-20T00:26:15","date_gmt":"2021-04-20T05:26:15","guid":{"rendered":"http:\/\/119.8.7.19\/masterprom\/producto\/hr13143\/"},"modified":"2021-04-20T00:26:16","modified_gmt":"2021-04-20T05:26:16","slug":"hr13143","status":"publish","type":"product","link":"http:\/\/119.8.7.19\/masterprom\/producto\/hr13143\/","title":{"rendered":"HR13143"},"content":{"rendered":"<p>Linterna de luz led cob tepee, l\u00e1mpara de luz LED con sistema autom\u00e1tico de encendido y asa abatible. No incluye bater\u00edas.<\/p>\n","protected":false},"excerpt":{"rendered":"<p>Linterna de luz led cob tepee, l\u00e1mpara de luz LED con sistema autom\u00e1tico de encendido y asa abatible. No incluye bater\u00edas.<\/p>\n","protected":false},"featured_media":0,"comment_status":"closed","ping_status":"open","template":"","meta":[],"class_list":["post-16880","product","type-product","status-publish","hentry","product_cat-herramientas","product_cat-linternas","product_tag-promoline"],"_links":{"self":[{"href":"http:\/\/119.8.7.19\/masterprom\/wp-json\/wp\/v2\/product\/16880","targetHints":{"allow":["GET"]}}],"collection":[{"href":"http:\/\/119.8.7.19\/masterprom\/wp-json\/wp\/v2\/product"}],"about":[{"href":"http:\/\/119.8.7.19\/masterprom\/wp-json\/wp\/v2\/types\/product"}],"replies":[{"embeddable":true,"href":"http:\/\/119.8.7.19\/masterprom\/wp-json\/wp\/v2\/comments?post=16880"}],"wp:attachment":[{"href":"http:\/\/119.8.7.19\/masterprom\/wp-json\/wp\/v2\/media?parent=16880"}],"curies":[{"name":"wp","href":"https:\/\/api.w.org\/{rel}","templated":true}]}}