{"id":16874,"date":"2021-04-20T00:26:15","date_gmt":"2021-04-20T05:26:15","guid":{"rendered":"http:\/\/119.8.7.19\/masterprom\/producto\/lin-ken\/"},"modified":"2021-04-20T00:26:15","modified_gmt":"2021-04-20T05:26:15","slug":"lin-ken","status":"publish","type":"product","link":"http:\/\/119.8.7.19\/masterprom\/producto\/lin-ken\/","title":{"rendered":"LIN-KEN"},"content":{"rendered":"<p>Peque\u00f1a pero robusta linterna disponible en negro y plata. Con 9 leds frontales de alta luminosidad. Se enciende con el bot\u00f3n situado en la base. Utiliza 3 bater\u00edas AAA (No incluidas). Se entrega en cajita<br \/>\nindividual de cart\u00f3n.<\/p>\n","protected":false},"excerpt":{"rendered":"<p>Peque\u00f1a pero robusta linterna disponible en negro y plata. Con 9 leds frontales de alta luminosidad. Se enciende con el bot\u00f3n situado en la base. Utiliza 3 bater\u00edas AAA (No incluidas). Se entrega en cajita<br \/>\nindividual de cart\u00f3n.<\/p>\n","protected":false},"featured_media":0,"comment_status":"closed","ping_status":"open","template":"","meta":[],"class_list":["post-16874","product","type-product","status-publish","hentry","product_cat-herramientas","product_cat-linternas","product_tag-g4"],"_links":{"self":[{"href":"http:\/\/119.8.7.19\/masterprom\/wp-json\/wp\/v2\/product\/16874","targetHints":{"allow":["GET"]}}],"collection":[{"href":"http:\/\/119.8.7.19\/masterprom\/wp-json\/wp\/v2\/product"}],"about":[{"href":"http:\/\/119.8.7.19\/masterprom\/wp-json\/wp\/v2\/types\/product"}],"replies":[{"embeddable":true,"href":"http:\/\/119.8.7.19\/masterprom\/wp-json\/wp\/v2\/comments?post=16874"}],"wp:attachment":[{"href":"http:\/\/119.8.7.19\/masterprom\/wp-json\/wp\/v2\/media?parent=16874"}],"curies":[{"name":"wp","href":"https:\/\/api.w.org\/{rel}","templated":true}]}}