{"id":16872,"date":"2021-04-20T00:26:12","date_gmt":"2021-04-20T05:26:12","guid":{"rendered":"http:\/\/119.8.7.19\/masterprom\/producto\/lin-she\/"},"modified":"2021-04-20T00:26:14","modified_gmt":"2021-04-20T05:26:14","slug":"lin-she","status":"publish","type":"product","link":"http:\/\/119.8.7.19\/masterprom\/producto\/lin-she\/","title":{"rendered":"LIN-SHE"},"content":{"rendered":"<p>Linterna de aluminio grado aviaci\u00f3n. Cuenta con sistema<br \/>\nmultifunci\u00f3n y lente de enfoque. Led frontal de 1 watt de alta luminosidad, 12 leds laterales para iluminaci\u00f3n abierta, 5 leds rojos para se\u00f1al de emergencia. Con una poderosa base magn\u00e9tica que soporta su propio peso. Utiliza 2 bater\u00edas AAA (No incluidas). Se entrega en estuche individual.<\/p>\n","protected":false},"excerpt":{"rendered":"<p>Linterna de aluminio grado aviaci\u00f3n. Cuenta con sistema<br \/>\nmultifunci\u00f3n y lente de enfoque. Led frontal de 1 watt de alta luminosidad, 12 leds laterales para iluminaci\u00f3n abierta, 5 leds rojos para se\u00f1al de emergencia. Con una poderosa base magn\u00e9tica que soporta su propio peso. Utiliza 2 bater\u00edas AAA (No incluidas). Se entrega en estuche individual.<\/p>\n","protected":false},"featured_media":0,"comment_status":"closed","ping_status":"open","template":"","meta":[],"class_list":["post-16872","product","type-product","status-publish","hentry","product_cat-herramientas","product_cat-linternas","product_tag-g4"],"_links":{"self":[{"href":"http:\/\/119.8.7.19\/masterprom\/wp-json\/wp\/v2\/product\/16872","targetHints":{"allow":["GET"]}}],"collection":[{"href":"http:\/\/119.8.7.19\/masterprom\/wp-json\/wp\/v2\/product"}],"about":[{"href":"http:\/\/119.8.7.19\/masterprom\/wp-json\/wp\/v2\/types\/product"}],"replies":[{"embeddable":true,"href":"http:\/\/119.8.7.19\/masterprom\/wp-json\/wp\/v2\/comments?post=16872"}],"wp:attachment":[{"href":"http:\/\/119.8.7.19\/masterprom\/wp-json\/wp\/v2\/media?parent=16872"}],"curies":[{"name":"wp","href":"https:\/\/api.w.org\/{rel}","templated":true}]}}