{"id":16864,"date":"2021-04-20T00:26:12","date_gmt":"2021-04-20T05:26:12","guid":{"rendered":"http:\/\/119.8.7.19\/masterprom\/producto\/hr025\/"},"modified":"2021-04-22T10:38:46","modified_gmt":"2021-04-22T15:38:46","slug":"hr025","status":"publish","type":"product","link":"http:\/\/119.8.7.19\/masterprom\/producto\/hr025\/","title":{"rendered":"HR025"},"content":{"rendered":"<p>Linterna met\u00e1lica tel\u00e9scopica con im\u00e1n, luz LED, cabezal flexible y retr\u00e1ctil hasta 50 cm.<\/p>\n","protected":false},"excerpt":{"rendered":"<p>Linterna met\u00e1lica tel\u00e9scopica con im\u00e1n, luz LED, cabezal flexible y retr\u00e1ctil hasta 50 cm.<\/p>\n","protected":false},"featured_media":18746,"comment_status":"closed","ping_status":"closed","template":"","meta":[],"class_list":["post-16864","product","type-product","status-publish","has-post-thumbnail","hentry","product_cat-herramientas","product_cat-linternas","product_tag-4-promotional"],"_links":{"self":[{"href":"http:\/\/119.8.7.19\/masterprom\/wp-json\/wp\/v2\/product\/16864","targetHints":{"allow":["GET"]}}],"collection":[{"href":"http:\/\/119.8.7.19\/masterprom\/wp-json\/wp\/v2\/product"}],"about":[{"href":"http:\/\/119.8.7.19\/masterprom\/wp-json\/wp\/v2\/types\/product"}],"replies":[{"embeddable":true,"href":"http:\/\/119.8.7.19\/masterprom\/wp-json\/wp\/v2\/comments?post=16864"}],"wp:featuredmedia":[{"embeddable":true,"href":"http:\/\/119.8.7.19\/masterprom\/wp-json\/wp\/v2\/media\/18746"}],"wp:attachment":[{"href":"http:\/\/119.8.7.19\/masterprom\/wp-json\/wp\/v2\/media?parent=16864"}],"curies":[{"name":"wp","href":"https:\/\/api.w.org\/{rel}","templated":true}]}}