{"id":16851,"date":"2021-04-20T00:26:21","date_gmt":"2021-04-20T05:26:21","guid":{"rendered":"http:\/\/119.8.7.19\/masterprom\/producto\/pro-016\/"},"modified":"2021-04-20T00:26:22","modified_gmt":"2021-04-20T05:26:22","slug":"pro-016","status":"publish","type":"product","link":"http:\/\/119.8.7.19\/masterprom\/producto\/pro-016\/","title":{"rendered":"PRO-016"},"content":{"rendered":"<p>Llavero flex\u00f3metro cami\u00f3n (cinta met\u00e1lica de 1 m.)<\/p>\n","protected":false},"excerpt":{"rendered":"<p>Llavero flex\u00f3metro cami\u00f3n (cinta met\u00e1lica de 1 m.)<\/p>\n","protected":false},"featured_media":0,"comment_status":"closed","ping_status":"open","template":"","meta":[],"class_list":["post-16851","product","type-product","status-publish","hentry","product_cat-herramientas","product_cat-varios-herramientas","product_tag-promoopcion"],"_links":{"self":[{"href":"http:\/\/119.8.7.19\/masterprom\/wp-json\/wp\/v2\/product\/16851","targetHints":{"allow":["GET"]}}],"collection":[{"href":"http:\/\/119.8.7.19\/masterprom\/wp-json\/wp\/v2\/product"}],"about":[{"href":"http:\/\/119.8.7.19\/masterprom\/wp-json\/wp\/v2\/types\/product"}],"replies":[{"embeddable":true,"href":"http:\/\/119.8.7.19\/masterprom\/wp-json\/wp\/v2\/comments?post=16851"}],"wp:attachment":[{"href":"http:\/\/119.8.7.19\/masterprom\/wp-json\/wp\/v2\/media?parent=16851"}],"curies":[{"name":"wp","href":"https:\/\/api.w.org\/{rel}","templated":true}]}}