{"id":16850,"date":"2021-04-20T00:26:09","date_gmt":"2021-04-20T05:26:09","guid":{"rendered":"http:\/\/119.8.7.19\/masterprom\/producto\/her-054\/"},"modified":"2021-04-20T00:26:10","modified_gmt":"2021-04-20T05:26:10","slug":"her-054","status":"publish","type":"product","link":"http:\/\/119.8.7.19\/masterprom\/producto\/her-054\/","title":{"rendered":"HER-054"},"content":{"rendered":"<p>Set de emergencia Poltava (contiene cables pasacorriente, bomba manual para gasolina, linterna con bater\u00eda incluida (2 pilas AA), poncho de pl\u00e1stico y funda con tri\u00e1ngulo reflejante.)<\/p>\n","protected":false},"excerpt":{"rendered":"<p>Set de emergencia Poltava (contiene cables pasacorriente, bomba manual para gasolina, linterna con bater\u00eda incluida (2 pilas AA), poncho de pl\u00e1stico y funda con tri\u00e1ngulo reflejante.)<\/p>\n","protected":false},"featured_media":0,"comment_status":"closed","ping_status":"open","template":"","meta":[],"class_list":["post-16850","product","type-product","status-publish","hentry","product_cat-herramientas","product_tag-promoopcion"],"_links":{"self":[{"href":"http:\/\/119.8.7.19\/masterprom\/wp-json\/wp\/v2\/product\/16850","targetHints":{"allow":["GET"]}}],"collection":[{"href":"http:\/\/119.8.7.19\/masterprom\/wp-json\/wp\/v2\/product"}],"about":[{"href":"http:\/\/119.8.7.19\/masterprom\/wp-json\/wp\/v2\/types\/product"}],"replies":[{"embeddable":true,"href":"http:\/\/119.8.7.19\/masterprom\/wp-json\/wp\/v2\/comments?post=16850"}],"wp:attachment":[{"href":"http:\/\/119.8.7.19\/masterprom\/wp-json\/wp\/v2\/media?parent=16850"}],"curies":[{"name":"wp","href":"https:\/\/api.w.org\/{rel}","templated":true}]}}