{"id":16846,"date":"2021-04-20T00:26:09","date_gmt":"2021-04-20T05:26:09","guid":{"rendered":"http:\/\/119.8.7.19\/masterprom\/producto\/her-08\/"},"modified":"2021-04-20T00:26:09","modified_gmt":"2021-04-20T05:26:09","slug":"her-08","status":"publish","type":"product","link":"http:\/\/119.8.7.19\/masterprom\/producto\/her-08\/","title":{"rendered":"HER-08"},"content":{"rendered":"<p>Set de herramientas Conrad (contiene 3 desarmadores de mano, flex\u00f3metro de 1 m, c\u00fater, 10 puntas de desarmadores diferentes, dados y extensi\u00f3n. Incluye estuche.)<\/p>\n","protected":false},"excerpt":{"rendered":"<p>Set de herramientas Conrad (contiene 3 desarmadores de mano, flex\u00f3metro de 1 m, c\u00fater, 10 puntas de desarmadores diferentes, dados y extensi\u00f3n. Incluye estuche.)<\/p>\n","protected":false},"featured_media":0,"comment_status":"closed","ping_status":"open","template":"","meta":[],"class_list":["post-16846","product","type-product","status-publish","hentry","product_cat-herramientas","product_tag-promoopcion"],"_links":{"self":[{"href":"http:\/\/119.8.7.19\/masterprom\/wp-json\/wp\/v2\/product\/16846","targetHints":{"allow":["GET"]}}],"collection":[{"href":"http:\/\/119.8.7.19\/masterprom\/wp-json\/wp\/v2\/product"}],"about":[{"href":"http:\/\/119.8.7.19\/masterprom\/wp-json\/wp\/v2\/types\/product"}],"replies":[{"embeddable":true,"href":"http:\/\/119.8.7.19\/masterprom\/wp-json\/wp\/v2\/comments?post=16846"}],"wp:attachment":[{"href":"http:\/\/119.8.7.19\/masterprom\/wp-json\/wp\/v2\/media?parent=16846"}],"curies":[{"name":"wp","href":"https:\/\/api.w.org\/{rel}","templated":true}]}}