{"id":16839,"date":"2021-04-20T00:26:06","date_gmt":"2021-04-20T05:26:06","guid":{"rendered":"http:\/\/119.8.7.19\/masterprom\/producto\/her-049\/"},"modified":"2021-04-20T00:26:08","modified_gmt":"2021-04-20T05:26:08","slug":"her-049","status":"publish","type":"product","link":"http:\/\/119.8.7.19\/masterprom\/producto\/her-049\/","title":{"rendered":"HER-049"},"content":{"rendered":"<p>Flex\u00f3metro Bougainville (Flex\u00f3metro cinta met\u00e1lica de 2 m. Incluye notas adhesivas, bol\u00edgrafo tinta negra, clip met\u00e1lico y nivel.)<\/p>\n","protected":false},"excerpt":{"rendered":"<p>Flex\u00f3metro Bougainville (Flex\u00f3metro cinta met\u00e1lica de 2 m. Incluye notas adhesivas, bol\u00edgrafo tinta negra, clip met\u00e1lico y nivel.)<\/p>\n","protected":false},"featured_media":0,"comment_status":"closed","ping_status":"open","template":"","meta":[],"class_list":["post-16839","product","type-product","status-publish","hentry","product_cat-herramientas","product_tag-promoopcion"],"_links":{"self":[{"href":"http:\/\/119.8.7.19\/masterprom\/wp-json\/wp\/v2\/product\/16839","targetHints":{"allow":["GET"]}}],"collection":[{"href":"http:\/\/119.8.7.19\/masterprom\/wp-json\/wp\/v2\/product"}],"about":[{"href":"http:\/\/119.8.7.19\/masterprom\/wp-json\/wp\/v2\/types\/product"}],"replies":[{"embeddable":true,"href":"http:\/\/119.8.7.19\/masterprom\/wp-json\/wp\/v2\/comments?post=16839"}],"wp:attachment":[{"href":"http:\/\/119.8.7.19\/masterprom\/wp-json\/wp\/v2\/media?parent=16839"}],"curies":[{"name":"wp","href":"https:\/\/api.w.org\/{rel}","templated":true}]}}