{"id":16832,"date":"2021-04-20T00:26:06","date_gmt":"2021-04-20T05:26:06","guid":{"rendered":"http:\/\/119.8.7.19\/masterprom\/producto\/her-019\/"},"modified":"2021-04-20T00:26:07","modified_gmt":"2021-04-20T05:26:07","slug":"her-019","status":"publish","type":"product","link":"http:\/\/119.8.7.19\/masterprom\/producto\/her-019\/","title":{"rendered":"HER-019"},"content":{"rendered":"<p>Flex\u00f3metro Lucca (flex\u00f3metro cinta met\u00e1lica de 5 m. incluye correa, clip y seguro.)<\/p>\n","protected":false},"excerpt":{"rendered":"<p>Flex\u00f3metro Lucca (flex\u00f3metro cinta met\u00e1lica de 5 m. incluye correa, clip y seguro.)<\/p>\n","protected":false},"featured_media":0,"comment_status":"closed","ping_status":"open","template":"","meta":[],"class_list":["post-16832","product","type-product","status-publish","hentry","product_cat-herramientas","product_tag-promoopcion"],"_links":{"self":[{"href":"http:\/\/119.8.7.19\/masterprom\/wp-json\/wp\/v2\/product\/16832","targetHints":{"allow":["GET"]}}],"collection":[{"href":"http:\/\/119.8.7.19\/masterprom\/wp-json\/wp\/v2\/product"}],"about":[{"href":"http:\/\/119.8.7.19\/masterprom\/wp-json\/wp\/v2\/types\/product"}],"replies":[{"embeddable":true,"href":"http:\/\/119.8.7.19\/masterprom\/wp-json\/wp\/v2\/comments?post=16832"}],"wp:attachment":[{"href":"http:\/\/119.8.7.19\/masterprom\/wp-json\/wp\/v2\/media?parent=16832"}],"curies":[{"name":"wp","href":"https:\/\/api.w.org\/{rel}","templated":true}]}}