{"id":16829,"date":"2021-04-20T00:26:06","date_gmt":"2021-04-20T05:26:06","guid":{"rendered":"http:\/\/119.8.7.19\/masterprom\/producto\/her-020\/"},"modified":"2021-04-20T00:26:07","modified_gmt":"2021-04-20T05:26:07","slug":"her-020","status":"publish","type":"product","link":"http:\/\/119.8.7.19\/masterprom\/producto\/her-020\/","title":{"rendered":"HER-020"},"content":{"rendered":"<p>Set de emergencia Anker (contiene cables para pasar corriente (100 amp), medidor de presi\u00f3n de aire (50 psi), guantes, l\u00e1mpara con 7 LEDS, impermeable, curitas, pinza y estuche. Bater\u00edas (3 pilas AAA) no incluidas. )<\/p>\n","protected":false},"excerpt":{"rendered":"<p>Set de emergencia Anker (contiene cables para pasar corriente (100 amp), medidor de presi\u00f3n de aire (50 psi), guantes, l\u00e1mpara con 7 LEDS, impermeable, curitas, pinza y estuche. Bater\u00edas (3 pilas AAA) no incluidas. )<\/p>\n","protected":false},"featured_media":0,"comment_status":"closed","ping_status":"open","template":"","meta":[],"class_list":["post-16829","product","type-product","status-publish","hentry","product_cat-herramientas","product_tag-promoopcion"],"_links":{"self":[{"href":"http:\/\/119.8.7.19\/masterprom\/wp-json\/wp\/v2\/product\/16829","targetHints":{"allow":["GET"]}}],"collection":[{"href":"http:\/\/119.8.7.19\/masterprom\/wp-json\/wp\/v2\/product"}],"about":[{"href":"http:\/\/119.8.7.19\/masterprom\/wp-json\/wp\/v2\/types\/product"}],"replies":[{"embeddable":true,"href":"http:\/\/119.8.7.19\/masterprom\/wp-json\/wp\/v2\/comments?post=16829"}],"wp:attachment":[{"href":"http:\/\/119.8.7.19\/masterprom\/wp-json\/wp\/v2\/media?parent=16829"}],"curies":[{"name":"wp","href":"https:\/\/api.w.org\/{rel}","templated":true}]}}