{"id":16813,"date":"2021-04-20T00:26:02","date_gmt":"2021-04-20T05:26:02","guid":{"rendered":"http:\/\/119.8.7.19\/masterprom\/producto\/her-33\/"},"modified":"2021-04-20T00:26:04","modified_gmt":"2021-04-20T05:26:04","slug":"her-33","status":"publish","type":"product","link":"http:\/\/119.8.7.19\/masterprom\/producto\/her-33\/","title":{"rendered":"HER 33"},"content":{"rendered":"<p>Herramientas Set Cromo Incluye nivel con 3 puntas desarmador, Bol\u00edgrafo con escalimetro y estuche de presentaci\u00f3nNivel: 13 x 1.1 cm. Bol\u00edgrafo: 14.7 x 1.1 cm.<\/p>\n","protected":false},"excerpt":{"rendered":"<p>Herramientas Set Cromo Incluye nivel con 3 puntas desarmador, Bol\u00edgrafo con escalimetro y estuche de presentaci\u00f3nNivel: 13 x 1.1 cm. Bol\u00edgrafo: 14.7 x 1.1 cm.<\/p>\n","protected":false},"featured_media":0,"comment_status":"closed","ping_status":"open","template":"","meta":[],"class_list":["post-16813","product","type-product","status-publish","hentry","product_cat-herramientas","product_tag-impressline","pa_detalle-especifico-nivel-13-x-1-1-cm-boligrafo-14-7-x-1-1-cm"],"_links":{"self":[{"href":"http:\/\/119.8.7.19\/masterprom\/wp-json\/wp\/v2\/product\/16813","targetHints":{"allow":["GET"]}}],"collection":[{"href":"http:\/\/119.8.7.19\/masterprom\/wp-json\/wp\/v2\/product"}],"about":[{"href":"http:\/\/119.8.7.19\/masterprom\/wp-json\/wp\/v2\/types\/product"}],"replies":[{"embeddable":true,"href":"http:\/\/119.8.7.19\/masterprom\/wp-json\/wp\/v2\/comments?post=16813"}],"wp:attachment":[{"href":"http:\/\/119.8.7.19\/masterprom\/wp-json\/wp\/v2\/media?parent=16813"}],"curies":[{"name":"wp","href":"https:\/\/api.w.org\/{rel}","templated":true}]}}