{"id":16804,"date":"2021-04-20T00:26:09","date_gmt":"2021-04-20T05:26:09","guid":{"rendered":"http:\/\/119.8.7.19\/masterprom\/producto\/pin-dan\/"},"modified":"2021-04-20T00:26:11","modified_gmt":"2021-04-20T05:26:11","slug":"pin-dan","status":"publish","type":"product","link":"http:\/\/119.8.7.19\/masterprom\/producto\/pin-dan\/","title":{"rendered":"PIN DAN"},"content":{"rendered":"<p>Multi herramienta 9 en 1: Pinza de uso general, en cuyos mangos encontramos un par de navajas de diferente tama\u00f1o y forma, desarmadores (cruz y plano), abre latas y lima de u\u00f1as. Fabricada de acero inoxidable con terminados de aluminio en los mangos. Es plegable para su f\u00e1cil transportaci\u00f3n. Incluye estuche individual.<\/p>\n","protected":false},"excerpt":{"rendered":"<p>Multi herramienta 9 en 1: Pinza de uso general, en cuyos mangos encontramos un par de navajas de diferente tama\u00f1o y forma, desarmadores (cruz y plano), abre latas y lima de u\u00f1as. Fabricada de acero inoxidable con terminados de aluminio en los mangos. Es plegable para su f\u00e1cil transportaci\u00f3n. Incluye estuche individual.<\/p>\n","protected":false},"featured_media":0,"comment_status":"closed","ping_status":"open","template":"","meta":[],"class_list":["post-16804","product","type-product","status-publish","hentry","product_cat-herramientas","product_cat-navajas","product_tag-g4"],"_links":{"self":[{"href":"http:\/\/119.8.7.19\/masterprom\/wp-json\/wp\/v2\/product\/16804","targetHints":{"allow":["GET"]}}],"collection":[{"href":"http:\/\/119.8.7.19\/masterprom\/wp-json\/wp\/v2\/product"}],"about":[{"href":"http:\/\/119.8.7.19\/masterprom\/wp-json\/wp\/v2\/types\/product"}],"replies":[{"embeddable":true,"href":"http:\/\/119.8.7.19\/masterprom\/wp-json\/wp\/v2\/comments?post=16804"}],"wp:attachment":[{"href":"http:\/\/119.8.7.19\/masterprom\/wp-json\/wp\/v2\/media?parent=16804"}],"curies":[{"name":"wp","href":"https:\/\/api.w.org\/{rel}","templated":true}]}}