{"id":16795,"date":"2021-04-20T00:25:59","date_gmt":"2021-04-20T05:25:59","guid":{"rendered":"http:\/\/119.8.7.19\/masterprom\/producto\/a2235\/"},"modified":"2021-04-20T00:26:01","modified_gmt":"2021-04-20T05:26:01","slug":"a2235","status":"publish","type":"product","link":"http:\/\/119.8.7.19\/masterprom\/producto\/a2235\/","title":{"rendered":"A2235"},"content":{"rendered":"<p>Kit de herramientas de 19 piezas ideal para uso dom\u00e9stico. Incluye: Desarmador, extensi\u00f3n, 10 puntas de desarmador, 4 dados, desarmador hexagonal, mini flex\u00f3metro de 1 metro y linterna que utiliza bater\u00edas, (2 pilas AAA) no incluidas. Malet\u00edn pl\u00e1stico para f\u00e1cil transportaci\u00f3n y organizaci\u00f3n<\/p>\n","protected":false},"excerpt":{"rendered":"<p>Kit de herramientas de 19 piezas ideal para uso dom\u00e9stico. Incluye: Desarmador, extensi\u00f3n, 10 puntas de desarmador, 4 dados, desarmador hexagonal, mini flex\u00f3metro de 1 metro y linterna que utiliza bater\u00edas, (2 pilas AAA) no incluidas. Malet\u00edn pl\u00e1stico para f\u00e1cil transportaci\u00f3n y organizaci\u00f3n<\/p>\n","protected":false},"featured_media":0,"comment_status":"closed","ping_status":"open","template":"","meta":[],"class_list":["post-16795","product","type-product","status-publish","hentry","product_cat-herramientas","product_tag-winideas"],"_links":{"self":[{"href":"http:\/\/119.8.7.19\/masterprom\/wp-json\/wp\/v2\/product\/16795","targetHints":{"allow":["GET"]}}],"collection":[{"href":"http:\/\/119.8.7.19\/masterprom\/wp-json\/wp\/v2\/product"}],"about":[{"href":"http:\/\/119.8.7.19\/masterprom\/wp-json\/wp\/v2\/types\/product"}],"replies":[{"embeddable":true,"href":"http:\/\/119.8.7.19\/masterprom\/wp-json\/wp\/v2\/comments?post=16795"}],"wp:attachment":[{"href":"http:\/\/119.8.7.19\/masterprom\/wp-json\/wp\/v2\/media?parent=16795"}],"curies":[{"name":"wp","href":"https:\/\/api.w.org\/{rel}","templated":true}]}}