{"id":16793,"date":"2021-04-20T00:25:59","date_gmt":"2021-04-20T05:25:59","guid":{"rendered":"http:\/\/119.8.7.19\/masterprom\/producto\/a2273\/"},"modified":"2021-04-20T00:26:01","modified_gmt":"2021-04-20T05:26:01","slug":"a2273","status":"publish","type":"product","link":"http:\/\/119.8.7.19\/masterprom\/producto\/a2273\/","title":{"rendered":"A2273"},"content":{"rendered":"<p>Set de emergencia en estuche que contiene: cables para pasar corriente (100 amp), guantes antiderrapantes de algod\u00f3n tejido con puntos de PVC y mu\u00f1equera ajustable, linterna tipo minero con luz LED (utiliza 2 bater\u00edas tipo bot\u00f3n, incluidas), medidor de presi\u00f3n de aire para llantas e impermeable de pl\u00e1stico. Adem\u00e1s, bolsa de emergencia con: curitas y pinzas de pl\u00e1stico para primeros auxilios.<\/p>\n","protected":false},"excerpt":{"rendered":"<p>Set de emergencia en estuche que contiene: cables para pasar corriente (100 amp), guantes antiderrapantes de algod\u00f3n tejido con puntos de PVC y mu\u00f1equera ajustable, linterna tipo minero con luz LED (utiliza 2 bater\u00edas tipo bot\u00f3n, incluidas), medidor de presi\u00f3n de aire para llantas e impermeable de pl\u00e1stico. Adem\u00e1s, bolsa de emergencia con: curitas y pinzas de pl\u00e1stico para primeros auxilios.<\/p>\n","protected":false},"featured_media":0,"comment_status":"closed","ping_status":"open","template":"","meta":[],"class_list":["post-16793","product","type-product","status-publish","hentry","product_cat-herramientas","product_tag-winideas"],"_links":{"self":[{"href":"http:\/\/119.8.7.19\/masterprom\/wp-json\/wp\/v2\/product\/16793","targetHints":{"allow":["GET"]}}],"collection":[{"href":"http:\/\/119.8.7.19\/masterprom\/wp-json\/wp\/v2\/product"}],"about":[{"href":"http:\/\/119.8.7.19\/masterprom\/wp-json\/wp\/v2\/types\/product"}],"replies":[{"embeddable":true,"href":"http:\/\/119.8.7.19\/masterprom\/wp-json\/wp\/v2\/comments?post=16793"}],"wp:attachment":[{"href":"http:\/\/119.8.7.19\/masterprom\/wp-json\/wp\/v2\/media?parent=16793"}],"curies":[{"name":"wp","href":"https:\/\/api.w.org\/{rel}","templated":true}]}}