{"id":16767,"date":"2021-04-20T00:20:27","date_gmt":"2021-04-20T05:20:27","guid":{"rendered":"http:\/\/119.8.7.19\/masterprom\/producto\/duo-sol\/"},"modified":"2021-04-20T00:20:29","modified_gmt":"2021-04-20T05:20:29","slug":"duo-sol","status":"publish","type":"product","link":"http:\/\/119.8.7.19\/masterprom\/producto\/duo-sol\/","title":{"rendered":"DUO-SOL"},"content":{"rendered":"<p>Bol\u00edgrafo de pl\u00e1stico, 2 funciones. Tinta Negra y Roja. Mecanismo retr\u00e1ctil. Cuerpo blanco y grip de color que facilida la escritura. Cuenta con cord\u00f3n para colgar en el mismo color del grip.<\/p>\n","protected":false},"excerpt":{"rendered":"<p>Bol\u00edgrafo de pl\u00e1stico, 2 funciones. Tinta Negra y Roja. Mecanismo retr\u00e1ctil. Cuerpo blanco y grip de color que facilida la escritura. Cuenta con cord\u00f3n para colgar en el mismo color del grip.<\/p>\n","protected":false},"featured_media":0,"comment_status":"closed","ping_status":"open","template":"","meta":[],"class_list":["post-16767","product","type-product","status-publish","hentry","product_cat-boligrafos-multifuncionales","product_cat-escritura","product_tag-g4"],"_links":{"self":[{"href":"http:\/\/119.8.7.19\/masterprom\/wp-json\/wp\/v2\/product\/16767","targetHints":{"allow":["GET"]}}],"collection":[{"href":"http:\/\/119.8.7.19\/masterprom\/wp-json\/wp\/v2\/product"}],"about":[{"href":"http:\/\/119.8.7.19\/masterprom\/wp-json\/wp\/v2\/types\/product"}],"replies":[{"embeddable":true,"href":"http:\/\/119.8.7.19\/masterprom\/wp-json\/wp\/v2\/comments?post=16767"}],"wp:attachment":[{"href":"http:\/\/119.8.7.19\/masterprom\/wp-json\/wp\/v2\/media?parent=16767"}],"curies":[{"name":"wp","href":"https:\/\/api.w.org\/{rel}","templated":true}]}}