{"id":16766,"date":"2021-04-20T00:20:27","date_gmt":"2021-04-20T05:20:27","guid":{"rendered":"http:\/\/119.8.7.19\/masterprom\/producto\/ch4-sol\/"},"modified":"2021-04-20T00:20:29","modified_gmt":"2021-04-20T05:20:29","slug":"ch4-sol","status":"publish","type":"product","link":"http:\/\/119.8.7.19\/masterprom\/producto\/ch4-sol\/","title":{"rendered":"CH4-SOL"},"content":{"rendered":"<p>Bol\u00edgrafo de pl\u00e1stico multifuncional. \u00danico color blanco con Grip en color Gris que facilita la escritura. Cuenta con cord\u00f3n para colgar. Tinta Negra, Roja, Verde y Azul.<\/p>\n","protected":false},"excerpt":{"rendered":"<p>Bol\u00edgrafo de pl\u00e1stico multifuncional. \u00danico color blanco con Grip en color Gris que facilita la escritura. Cuenta con cord\u00f3n para colgar. Tinta Negra, Roja, Verde y Azul.<\/p>\n","protected":false},"featured_media":0,"comment_status":"closed","ping_status":"open","template":"","meta":[],"class_list":["post-16766","product","type-product","status-publish","hentry","product_cat-boligrafos-multifuncionales","product_cat-escritura","product_tag-g4"],"_links":{"self":[{"href":"http:\/\/119.8.7.19\/masterprom\/wp-json\/wp\/v2\/product\/16766","targetHints":{"allow":["GET"]}}],"collection":[{"href":"http:\/\/119.8.7.19\/masterprom\/wp-json\/wp\/v2\/product"}],"about":[{"href":"http:\/\/119.8.7.19\/masterprom\/wp-json\/wp\/v2\/types\/product"}],"replies":[{"embeddable":true,"href":"http:\/\/119.8.7.19\/masterprom\/wp-json\/wp\/v2\/comments?post=16766"}],"wp:attachment":[{"href":"http:\/\/119.8.7.19\/masterprom\/wp-json\/wp\/v2\/media?parent=16766"}],"curies":[{"name":"wp","href":"https:\/\/api.w.org\/{rel}","templated":true}]}}