{"id":16765,"date":"2021-04-20T00:20:27","date_gmt":"2021-04-20T05:20:27","guid":{"rendered":"http:\/\/119.8.7.19\/masterprom\/producto\/5f0-sol\/"},"modified":"2021-04-20T00:20:29","modified_gmt":"2021-04-20T05:20:29","slug":"5f0-sol","status":"publish","type":"product","link":"http:\/\/119.8.7.19\/masterprom\/producto\/5f0-sol\/","title":{"rendered":"5F0-SOL"},"content":{"rendered":"<p>Bol\u00edgrafo de pl\u00e1stico multifuncional. Cuenta con grip que facilita la escritura. Mecanismo retr\u00e1ctil. Tinta Negra, Roja, Verde y Azul. Para hacer uso del lapicero se utiliza el clip con la misma funci\u00f3n retr\u00e1ctil. Peque\u00f1o borrador en la parte superior cubierto por tap\u00f3n de pl\u00e1stico.<\/p>\n","protected":false},"excerpt":{"rendered":"<p>Bol\u00edgrafo de pl\u00e1stico multifuncional. Cuenta con grip que facilita la escritura. Mecanismo retr\u00e1ctil. Tinta Negra, Roja, Verde y Azul. Para hacer uso del lapicero se utiliza el clip con la misma funci\u00f3n retr\u00e1ctil. Peque\u00f1o borrador en la parte superior cubierto por tap\u00f3n de pl\u00e1stico.<\/p>\n","protected":false},"featured_media":0,"comment_status":"closed","ping_status":"open","template":"","meta":[],"class_list":["post-16765","product","type-product","status-publish","hentry","product_cat-boligrafos-multifuncionales","product_cat-escritura","product_tag-g4"],"_links":{"self":[{"href":"http:\/\/119.8.7.19\/masterprom\/wp-json\/wp\/v2\/product\/16765","targetHints":{"allow":["GET"]}}],"collection":[{"href":"http:\/\/119.8.7.19\/masterprom\/wp-json\/wp\/v2\/product"}],"about":[{"href":"http:\/\/119.8.7.19\/masterprom\/wp-json\/wp\/v2\/types\/product"}],"replies":[{"embeddable":true,"href":"http:\/\/119.8.7.19\/masterprom\/wp-json\/wp\/v2\/comments?post=16765"}],"wp:attachment":[{"href":"http:\/\/119.8.7.19\/masterprom\/wp-json\/wp\/v2\/media?parent=16765"}],"curies":[{"name":"wp","href":"https:\/\/api.w.org\/{rel}","templated":true}]}}