{"id":16744,"date":"2021-04-20T00:20:24","date_gmt":"2021-04-20T05:20:24","guid":{"rendered":"http:\/\/119.8.7.19\/masterprom\/producto\/bp-7104c\/"},"modified":"2021-04-22T08:59:55","modified_gmt":"2021-04-22T13:59:55","slug":"bp-7104c","status":"publish","type":"product","link":"http:\/\/119.8.7.19\/masterprom\/producto\/bp-7104c\/","title":{"rendered":"BP 7104C"},"content":{"rendered":"<p>Bol\u00edgrafo de pl\u00e1stico,mecanismo retr\u00e1ctil, con clip met\u00e1lico y goma touch screen.<\/p>\n","protected":false},"excerpt":{"rendered":"<p>Bol\u00edgrafo de pl\u00e1stico,mecanismo retr\u00e1ctil, con clip met\u00e1lico y goma touch screen.<\/p>\n","protected":false},"featured_media":18596,"comment_status":"closed","ping_status":"closed","template":"","meta":[],"class_list":["post-16744","product","type-product","status-publish","has-post-thumbnail","hentry","product_cat-boligrafos-multifuncionales","product_cat-escritura","product_tag-4-promotional"],"_links":{"self":[{"href":"http:\/\/119.8.7.19\/masterprom\/wp-json\/wp\/v2\/product\/16744","targetHints":{"allow":["GET"]}}],"collection":[{"href":"http:\/\/119.8.7.19\/masterprom\/wp-json\/wp\/v2\/product"}],"about":[{"href":"http:\/\/119.8.7.19\/masterprom\/wp-json\/wp\/v2\/types\/product"}],"replies":[{"embeddable":true,"href":"http:\/\/119.8.7.19\/masterprom\/wp-json\/wp\/v2\/comments?post=16744"}],"wp:featuredmedia":[{"embeddable":true,"href":"http:\/\/119.8.7.19\/masterprom\/wp-json\/wp\/v2\/media\/18596"}],"wp:attachment":[{"href":"http:\/\/119.8.7.19\/masterprom\/wp-json\/wp\/v2\/media?parent=16744"}],"curies":[{"name":"wp","href":"https:\/\/api.w.org\/{rel}","templated":true}]}}