{"id":16742,"date":"2021-04-20T00:20:24","date_gmt":"2021-04-20T05:20:24","guid":{"rendered":"http:\/\/119.8.7.19\/masterprom\/producto\/fm-6024\/"},"modified":"2021-04-22T08:59:16","modified_gmt":"2021-04-22T13:59:16","slug":"fm-6024","status":"publish","type":"product","link":"http:\/\/119.8.7.19\/masterprom\/producto\/fm-6024\/","title":{"rendered":"FM 6024"},"content":{"rendered":"<p>Bol\u00edgrafo met\u00e1lico con luz blanca, se\u00f1alador l\u00e1ser y PDA. (incluye estuche con 4 pilas de repuesto)<\/p>\n","protected":false},"excerpt":{"rendered":"<p>Bol\u00edgrafo met\u00e1lico con luz blanca, se\u00f1alador l\u00e1ser y PDA. (incluye estuche con 4 pilas de repuesto)<\/p>\n","protected":false},"featured_media":18667,"comment_status":"closed","ping_status":"closed","template":"","meta":[],"class_list":["post-16742","product","type-product","status-publish","has-post-thumbnail","hentry","product_cat-boligrafos-multifuncionales","product_cat-escritura","product_tag-4-promotional"],"_links":{"self":[{"href":"http:\/\/119.8.7.19\/masterprom\/wp-json\/wp\/v2\/product\/16742","targetHints":{"allow":["GET"]}}],"collection":[{"href":"http:\/\/119.8.7.19\/masterprom\/wp-json\/wp\/v2\/product"}],"about":[{"href":"http:\/\/119.8.7.19\/masterprom\/wp-json\/wp\/v2\/types\/product"}],"replies":[{"embeddable":true,"href":"http:\/\/119.8.7.19\/masterprom\/wp-json\/wp\/v2\/comments?post=16742"}],"wp:featuredmedia":[{"embeddable":true,"href":"http:\/\/119.8.7.19\/masterprom\/wp-json\/wp\/v2\/media\/18667"}],"wp:attachment":[{"href":"http:\/\/119.8.7.19\/masterprom\/wp-json\/wp\/v2\/media?parent=16742"}],"curies":[{"name":"wp","href":"https:\/\/api.w.org\/{rel}","templated":true}]}}