{"id":16731,"date":"2021-04-20T00:20:24","date_gmt":"2021-04-20T05:20:24","guid":{"rendered":"http:\/\/119.8.7.19\/masterprom\/producto\/bp-5265-2\/"},"modified":"2021-04-20T00:20:24","modified_gmt":"2021-04-20T05:20:24","slug":"bp-5265-2","status":"publish","type":"product","link":"http:\/\/119.8.7.19\/masterprom\/producto\/bp-5265-2\/","title":{"rendered":"BP-5265"},"content":{"rendered":"<p>Bol\u00edgrafo de pl\u00e1stico con barril de corcho y mec\u00e1nismo de click.<\/p>\n","protected":false},"excerpt":{"rendered":"<p>Bol\u00edgrafo de pl\u00e1stico con barril de corcho y mec\u00e1nismo de click.<\/p>\n","protected":false},"featured_media":0,"comment_status":"closed","ping_status":"open","template":"","meta":[],"class_list":["post-16731","product","type-product","status-publish","hentry","product_cat-boligrafos-ecologicos","product_cat-escritura","product_tag-4-promotional"],"_links":{"self":[{"href":"http:\/\/119.8.7.19\/masterprom\/wp-json\/wp\/v2\/product\/16731","targetHints":{"allow":["GET"]}}],"collection":[{"href":"http:\/\/119.8.7.19\/masterprom\/wp-json\/wp\/v2\/product"}],"about":[{"href":"http:\/\/119.8.7.19\/masterprom\/wp-json\/wp\/v2\/types\/product"}],"replies":[{"embeddable":true,"href":"http:\/\/119.8.7.19\/masterprom\/wp-json\/wp\/v2\/comments?post=16731"}],"wp:attachment":[{"href":"http:\/\/119.8.7.19\/masterprom\/wp-json\/wp\/v2\/media?parent=16731"}],"curies":[{"name":"wp","href":"https:\/\/api.w.org\/{rel}","templated":true}]}}