{"id":16722,"date":"2021-04-20T00:20:21","date_gmt":"2021-04-20T05:20:21","guid":{"rendered":"http:\/\/119.8.7.19\/masterprom\/producto\/rq-1009\/"},"modified":"2021-04-20T00:20:22","modified_gmt":"2021-04-20T05:20:22","slug":"rq-1009","status":"publish","type":"product","link":"http:\/\/119.8.7.19\/masterprom\/producto\/rq-1009\/","title":{"rendered":"RQ-1009"},"content":{"rendered":"<p>Bol\u00edgrafo Houston (bol\u00edgrafo roller ball con tap\u00f3n. incluye estuche.)<\/p>\n","protected":false},"excerpt":{"rendered":"<p>Bol\u00edgrafo Houston (bol\u00edgrafo roller ball con tap\u00f3n. incluye estuche.)<\/p>\n","protected":false},"featured_media":0,"comment_status":"closed","ping_status":"open","template":"","meta":[],"class_list":["post-16722","product","type-product","status-publish","hentry","product_cat-boligrafos-metalicos","product_cat-escritura","product_tag-promoopcion"],"_links":{"self":[{"href":"http:\/\/119.8.7.19\/masterprom\/wp-json\/wp\/v2\/product\/16722","targetHints":{"allow":["GET"]}}],"collection":[{"href":"http:\/\/119.8.7.19\/masterprom\/wp-json\/wp\/v2\/product"}],"about":[{"href":"http:\/\/119.8.7.19\/masterprom\/wp-json\/wp\/v2\/types\/product"}],"replies":[{"embeddable":true,"href":"http:\/\/119.8.7.19\/masterprom\/wp-json\/wp\/v2\/comments?post=16722"}],"wp:attachment":[{"href":"http:\/\/119.8.7.19\/masterprom\/wp-json\/wp\/v2\/media?parent=16722"}],"curies":[{"name":"wp","href":"https:\/\/api.w.org\/{rel}","templated":true}]}}