{"id":16713,"date":"2021-04-20T00:20:21","date_gmt":"2021-04-20T05:20:21","guid":{"rendered":"http:\/\/119.8.7.19\/masterprom\/producto\/es21419\/"},"modified":"2021-04-20T00:20:21","modified_gmt":"2021-04-20T05:20:21","slug":"es21419","status":"publish","type":"product","link":"http:\/\/119.8.7.19\/masterprom\/producto\/es21419\/","title":{"rendered":"ES21419"},"content":{"rendered":"<p>Bol\u00edgrafo roller metal the brass co Alpha, Capuch\u00f3n negro brillante con barril inferior de patr\u00f3n lineal y acentos de lat\u00f3n. Mecanismo de cierre con tapa. Incluye cartucho de tinta alemana color negro. Caja de regalo de 2 piezas.<\/p>\n","protected":false},"excerpt":{"rendered":"<p>Bol\u00edgrafo roller metal the brass co Alpha, Capuch\u00f3n negro brillante con barril inferior de patr\u00f3n lineal y acentos de lat\u00f3n. Mecanismo de cierre con tapa. Incluye cartucho de tinta alemana color negro. Caja de regalo de 2 piezas.<\/p>\n","protected":false},"featured_media":0,"comment_status":"closed","ping_status":"open","template":"","meta":[],"class_list":["post-16713","product","type-product","status-publish","hentry","product_cat-boligrafos-metalicos","product_cat-escritura","product_tag-promoline"],"_links":{"self":[{"href":"http:\/\/119.8.7.19\/masterprom\/wp-json\/wp\/v2\/product\/16713","targetHints":{"allow":["GET"]}}],"collection":[{"href":"http:\/\/119.8.7.19\/masterprom\/wp-json\/wp\/v2\/product"}],"about":[{"href":"http:\/\/119.8.7.19\/masterprom\/wp-json\/wp\/v2\/types\/product"}],"replies":[{"embeddable":true,"href":"http:\/\/119.8.7.19\/masterprom\/wp-json\/wp\/v2\/comments?post=16713"}],"wp:attachment":[{"href":"http:\/\/119.8.7.19\/masterprom\/wp-json\/wp\/v2\/media?parent=16713"}],"curies":[{"name":"wp","href":"https:\/\/api.w.org\/{rel}","templated":true}]}}