{"id":16700,"date":"2021-04-20T00:20:18","date_gmt":"2021-04-20T05:20:18","guid":{"rendered":"http:\/\/119.8.7.19\/masterprom\/producto\/01-812\/"},"modified":"2021-04-20T00:20:19","modified_gmt":"2021-04-20T05:20:19","slug":"01-812","status":"publish","type":"product","link":"http:\/\/119.8.7.19\/masterprom\/producto\/01-812\/","title":{"rendered":"01-812"},"content":{"rendered":"<p>Heavy &#8211; Bol\u00edgrafo met\u00e1lico, tinta negra, sistema twist. Su acabado met\u00e1lico es ideal para grabado acabado espejo<\/p>\n","protected":false},"excerpt":{"rendered":"<p>Heavy &#8211; Bol\u00edgrafo met\u00e1lico, tinta negra, sistema twist. Su acabado met\u00e1lico es ideal para grabado acabado espejo<\/p>\n","protected":false},"featured_media":0,"comment_status":"closed","ping_status":"open","template":"","meta":[],"class_list":["post-16700","product","type-product","status-publish","hentry","product_cat-boligrafos-metalicos","product_cat-escritura","product_tag-blestar"],"_links":{"self":[{"href":"http:\/\/119.8.7.19\/masterprom\/wp-json\/wp\/v2\/product\/16700","targetHints":{"allow":["GET"]}}],"collection":[{"href":"http:\/\/119.8.7.19\/masterprom\/wp-json\/wp\/v2\/product"}],"about":[{"href":"http:\/\/119.8.7.19\/masterprom\/wp-json\/wp\/v2\/types\/product"}],"replies":[{"embeddable":true,"href":"http:\/\/119.8.7.19\/masterprom\/wp-json\/wp\/v2\/comments?post=16700"}],"wp:attachment":[{"href":"http:\/\/119.8.7.19\/masterprom\/wp-json\/wp\/v2\/media?parent=16700"}],"curies":[{"name":"wp","href":"https:\/\/api.w.org\/{rel}","templated":true}]}}