{"id":16699,"date":"2021-04-20T00:20:30","date_gmt":"2021-04-20T05:20:30","guid":{"rendered":"http:\/\/119.8.7.19\/masterprom\/producto\/29-507\/"},"modified":"2021-04-20T00:20:31","modified_gmt":"2021-04-20T05:20:31","slug":"29-507","status":"publish","type":"product","link":"http:\/\/119.8.7.19\/masterprom\/producto\/29-507\/","title":{"rendered":"29-507"},"content":{"rendered":"<p>Styllo &#8211; Bol\u00edgrafo 3 en 1, cuenta con un roller, stylus grueso y stylus peque\u00f1o. Styllo permite a los usuarios pasar sin problemas de digital a anal\u00f3gico. Un giro sencillo transforma su Styllo de una punta de bol\u00edgrafo de rollerball suave para escribir en papel en una punta de l\u00e1piz de malla capacitiva para uso de pantalla t\u00e1ctil o un l\u00e1piz de precisi\u00f3n para profesionales creativos. El cuerpo de aluminio s\u00f3lido est\u00e1 construido para su portabilidad, teniendo un atractivo profesional. Styllo aplica en todos los dispositivos con pantalla t\u00e1ctil y siempre est\u00e1 listo para funcionar. No requiere pilas<\/p>\n","protected":false},"excerpt":{"rendered":"<p>Styllo &#8211; Bol\u00edgrafo 3 en 1, cuenta con un roller, stylus grueso y stylus peque\u00f1o. Styllo permite a los usuarios pasar sin problemas de digital a anal\u00f3gico. Un giro sencillo transforma su Styllo de una punta de bol\u00edgrafo de rollerball suave para escribir en papel en una punta de l\u00e1piz de malla capacitiva para uso de pantalla t\u00e1ctil o un l\u00e1piz de precisi\u00f3n para profesionales creativos. El cuerpo de aluminio s\u00f3lido est\u00e1 construido para su portabilidad, teniendo un atractivo profesional. Styllo aplica en todos los dispositivos con pantalla t\u00e1ctil y siempre est\u00e1 listo para funcionar. No requiere pilas<\/p>\n","protected":false},"featured_media":0,"comment_status":"closed","ping_status":"open","template":"","meta":[],"class_list":["post-16699","product","type-product","status-publish","hentry","product_cat-boligrafos-metalicos","product_cat-boligrafos-multifuncionales","product_cat-escritura","product_tag-blestar"],"_links":{"self":[{"href":"http:\/\/119.8.7.19\/masterprom\/wp-json\/wp\/v2\/product\/16699","targetHints":{"allow":["GET"]}}],"collection":[{"href":"http:\/\/119.8.7.19\/masterprom\/wp-json\/wp\/v2\/product"}],"about":[{"href":"http:\/\/119.8.7.19\/masterprom\/wp-json\/wp\/v2\/types\/product"}],"replies":[{"embeddable":true,"href":"http:\/\/119.8.7.19\/masterprom\/wp-json\/wp\/v2\/comments?post=16699"}],"wp:attachment":[{"href":"http:\/\/119.8.7.19\/masterprom\/wp-json\/wp\/v2\/media?parent=16699"}],"curies":[{"name":"wp","href":"https:\/\/api.w.org\/{rel}","templated":true}]}}