{"id":16697,"date":"2021-04-20T00:20:18","date_gmt":"2021-04-20T05:20:18","guid":{"rendered":"http:\/\/119.8.7.19\/masterprom\/producto\/70-855-2\/"},"modified":"2021-04-20T00:20:19","modified_gmt":"2021-04-20T05:20:19","slug":"70-855-2","status":"publish","type":"product","link":"http:\/\/119.8.7.19\/masterprom\/producto\/70-855-2\/","title":{"rendered":"70-855"},"content":{"rendered":"<p>Sophisticated chrome diamond dise\u00f1ada alrededor de un marco m\u00e1s ligero, la sofisticada l\u00ednea tiene un atractivo sin esfuerzo. la forma es delicada, elegante y los nuevos acabados de corte de diamante; en negro, cromo y oro claro son elegantes y atemporales. Hugo Boss<\/p>\n","protected":false},"excerpt":{"rendered":"<p>Sophisticated chrome diamond dise\u00f1ada alrededor de un marco m\u00e1s ligero, la sofisticada l\u00ednea tiene un atractivo sin esfuerzo. la forma es delicada, elegante y los nuevos acabados de corte de diamante; en negro, cromo y oro claro son elegantes y atemporales. Hugo Boss<\/p>\n","protected":false},"featured_media":0,"comment_status":"closed","ping_status":"open","template":"","meta":[],"class_list":["post-16697","product","type-product","status-publish","hentry","product_cat-boligrafos-metalicos","product_cat-escritura","product_tag-blestar"],"_links":{"self":[{"href":"http:\/\/119.8.7.19\/masterprom\/wp-json\/wp\/v2\/product\/16697","targetHints":{"allow":["GET"]}}],"collection":[{"href":"http:\/\/119.8.7.19\/masterprom\/wp-json\/wp\/v2\/product"}],"about":[{"href":"http:\/\/119.8.7.19\/masterprom\/wp-json\/wp\/v2\/types\/product"}],"replies":[{"embeddable":true,"href":"http:\/\/119.8.7.19\/masterprom\/wp-json\/wp\/v2\/comments?post=16697"}],"wp:attachment":[{"href":"http:\/\/119.8.7.19\/masterprom\/wp-json\/wp\/v2\/media?parent=16697"}],"curies":[{"name":"wp","href":"https:\/\/api.w.org\/{rel}","templated":true}]}}