{"id":16696,"date":"2021-04-20T00:20:18","date_gmt":"2021-04-20T05:20:18","guid":{"rendered":"http:\/\/119.8.7.19\/masterprom\/producto\/70-847-2\/"},"modified":"2021-04-20T00:20:18","modified_gmt":"2021-04-20T05:20:18","slug":"70-847-2","status":"publish","type":"product","link":"http:\/\/119.8.7.19\/masterprom\/producto\/70-847-2\/","title":{"rendered":"70-847"},"content":{"rendered":"<p>Essential lady off-white la l\u00ednea &#8220;essential&#8221;, con su atractivo cl\u00e1sico, tiene un lado m\u00e1s glamoroso, con nuevas versiones disponibles en una variedad de vibrantes matices femeninos: crema, desnudo, borgo\u00f1a, gris y azul marino. los acentos de oro claro confieren a esta colecci\u00f3n una elegancia refinada y atemporal, resaltando las superficies de laca mate cuidadosamente trabajadas y coloridas, Hugo Boss<\/p>\n","protected":false},"excerpt":{"rendered":"<p>Essential lady off-white la l\u00ednea &#8220;essential&#8221;, con su atractivo cl\u00e1sico, tiene un lado m\u00e1s glamoroso, con nuevas versiones disponibles en una variedad de vibrantes matices femeninos: crema, desnudo, borgo\u00f1a, gris y azul marino. los acentos de oro claro confieren a esta colecci\u00f3n una elegancia refinada y atemporal, resaltando las superficies de laca mate cuidadosamente trabajadas y coloridas, Hugo Boss<\/p>\n","protected":false},"featured_media":0,"comment_status":"closed","ping_status":"open","template":"","meta":[],"class_list":["post-16696","product","type-product","status-publish","hentry","product_cat-boligrafos-metalicos","product_cat-escritura","product_tag-blestar"],"_links":{"self":[{"href":"http:\/\/119.8.7.19\/masterprom\/wp-json\/wp\/v2\/product\/16696","targetHints":{"allow":["GET"]}}],"collection":[{"href":"http:\/\/119.8.7.19\/masterprom\/wp-json\/wp\/v2\/product"}],"about":[{"href":"http:\/\/119.8.7.19\/masterprom\/wp-json\/wp\/v2\/types\/product"}],"replies":[{"embeddable":true,"href":"http:\/\/119.8.7.19\/masterprom\/wp-json\/wp\/v2\/comments?post=16696"}],"wp:attachment":[{"href":"http:\/\/119.8.7.19\/masterprom\/wp-json\/wp\/v2\/media?parent=16696"}],"curies":[{"name":"wp","href":"https:\/\/api.w.org\/{rel}","templated":true}]}}