{"id":16695,"date":"2021-04-20T00:20:18","date_gmt":"2021-04-20T05:20:18","guid":{"rendered":"http:\/\/119.8.7.19\/masterprom\/producto\/70-765-2\/"},"modified":"2021-04-20T00:20:18","modified_gmt":"2021-04-20T05:20:18","slug":"70-765-2","status":"publish","type":"product","link":"http:\/\/119.8.7.19\/masterprom\/producto\/70-765-2\/","title":{"rendered":"70-765"},"content":{"rendered":"<p>Level Structure Gun la l\u00ednea &#8220;level&#8221; es la encarnaci\u00f3n del equilibrio: su silueta perfectamente  proporcionada, proporciona la mejor experiencia de escritura. este bol\u00edgrafo se ofrece en una elegante versi\u00f3n de metal grabado, todo ello chapado en cromo oscuro mate, con un capuch\u00f3n adornado con un dise\u00f1o geom\u00e9trico y elementos de rayas contrastantes chapados en oro rosa &#8211; Hugo Boss<\/p>\n","protected":false},"excerpt":{"rendered":"<p>Level Structure Gun la l\u00ednea &#8220;level&#8221; es la encarnaci\u00f3n del equilibrio: su silueta perfectamente  proporcionada, proporciona la mejor experiencia de escritura. este bol\u00edgrafo se ofrece en una elegante versi\u00f3n de metal grabado, todo ello chapado en cromo oscuro mate, con un capuch\u00f3n adornado con un dise\u00f1o geom\u00e9trico y elementos de rayas contrastantes chapados en oro rosa &#8211; Hugo Boss<\/p>\n","protected":false},"featured_media":0,"comment_status":"closed","ping_status":"open","template":"","meta":[],"class_list":["post-16695","product","type-product","status-publish","hentry","product_cat-boligrafos-metalicos","product_cat-escritura","product_tag-blestar"],"_links":{"self":[{"href":"http:\/\/119.8.7.19\/masterprom\/wp-json\/wp\/v2\/product\/16695","targetHints":{"allow":["GET"]}}],"collection":[{"href":"http:\/\/119.8.7.19\/masterprom\/wp-json\/wp\/v2\/product"}],"about":[{"href":"http:\/\/119.8.7.19\/masterprom\/wp-json\/wp\/v2\/types\/product"}],"replies":[{"embeddable":true,"href":"http:\/\/119.8.7.19\/masterprom\/wp-json\/wp\/v2\/comments?post=16695"}],"wp:attachment":[{"href":"http:\/\/119.8.7.19\/masterprom\/wp-json\/wp\/v2\/media?parent=16695"}],"curies":[{"name":"wp","href":"https:\/\/api.w.org\/{rel}","templated":true}]}}