{"id":16694,"date":"2021-04-20T00:20:18","date_gmt":"2021-04-20T05:20:18","guid":{"rendered":"http:\/\/119.8.7.19\/masterprom\/producto\/70-761-2\/"},"modified":"2021-04-20T00:20:18","modified_gmt":"2021-04-20T05:20:18","slug":"70-761-2","status":"publish","type":"product","link":"http:\/\/119.8.7.19\/masterprom\/producto\/70-761-2\/","title":{"rendered":"70-761"},"content":{"rendered":"<p>Level soft black la l\u00ednea &#8220;level&#8221; es la encarnaci\u00f3n del equilibrio: su silueta perfectamente proporcionada proporciona la mejor experiencia de escritura. el bol\u00edgrafo se ofrece en una parte superior de color negro lacado de tacto suave que contrasta con un cuerpo inferior cromado oscuro y brillante &#8211; Hugo Boss<\/p>\n","protected":false},"excerpt":{"rendered":"<p>Level soft black la l\u00ednea &#8220;level&#8221; es la encarnaci\u00f3n del equilibrio: su silueta perfectamente proporcionada proporciona la mejor experiencia de escritura. el bol\u00edgrafo se ofrece en una parte superior de color negro lacado de tacto suave que contrasta con un cuerpo inferior cromado oscuro y brillante &#8211; Hugo Boss<\/p>\n","protected":false},"featured_media":0,"comment_status":"closed","ping_status":"open","template":"","meta":[],"class_list":["post-16694","product","type-product","status-publish","hentry","product_cat-boligrafos-metalicos","product_cat-escritura","product_tag-blestar"],"_links":{"self":[{"href":"http:\/\/119.8.7.19\/masterprom\/wp-json\/wp\/v2\/product\/16694","targetHints":{"allow":["GET"]}}],"collection":[{"href":"http:\/\/119.8.7.19\/masterprom\/wp-json\/wp\/v2\/product"}],"about":[{"href":"http:\/\/119.8.7.19\/masterprom\/wp-json\/wp\/v2\/types\/product"}],"replies":[{"embeddable":true,"href":"http:\/\/119.8.7.19\/masterprom\/wp-json\/wp\/v2\/comments?post=16694"}],"wp:attachment":[{"href":"http:\/\/119.8.7.19\/masterprom\/wp-json\/wp\/v2\/media?parent=16694"}],"curies":[{"name":"wp","href":"https:\/\/api.w.org\/{rel}","templated":true}]}}