{"id":16692,"date":"2021-04-20T00:20:18","date_gmt":"2021-04-20T05:20:18","guid":{"rendered":"http:\/\/119.8.7.19\/masterprom\/producto\/bol-500\/"},"modified":"2021-04-20T00:20:18","modified_gmt":"2021-04-20T05:20:18","slug":"bol-500","status":"publish","type":"product","link":"http:\/\/119.8.7.19\/masterprom\/producto\/bol-500\/","title":{"rendered":"BOL 500"},"content":{"rendered":"<p>Juego de Bol\u00edgrafos Pollock Funciones: Bol\u00edgrafo y RollerBol\u00edgrafo: 14.4 x 0.9 cm. Estuche: 15 x 5 cm.<\/p>\n","protected":false},"excerpt":{"rendered":"<p>Juego de Bol\u00edgrafos Pollock Funciones: Bol\u00edgrafo y RollerBol\u00edgrafo: 14.4 x 0.9 cm. Estuche: 15 x 5 cm.<\/p>\n","protected":false},"featured_media":0,"comment_status":"closed","ping_status":"open","template":"","meta":[],"class_list":["post-16692","product","type-product","status-publish","hentry","product_cat-boligrafos-metalicos","product_cat-escritura","product_tag-impressline","pa_detalle-especifico-boligrafo-14-4-x-0-9-cm-estuche-15-x-5-cm"],"_links":{"self":[{"href":"http:\/\/119.8.7.19\/masterprom\/wp-json\/wp\/v2\/product\/16692","targetHints":{"allow":["GET"]}}],"collection":[{"href":"http:\/\/119.8.7.19\/masterprom\/wp-json\/wp\/v2\/product"}],"about":[{"href":"http:\/\/119.8.7.19\/masterprom\/wp-json\/wp\/v2\/types\/product"}],"replies":[{"embeddable":true,"href":"http:\/\/119.8.7.19\/masterprom\/wp-json\/wp\/v2\/comments?post=16692"}],"wp:attachment":[{"href":"http:\/\/119.8.7.19\/masterprom\/wp-json\/wp\/v2\/media?parent=16692"}],"curies":[{"name":"wp","href":"https:\/\/api.w.org\/{rel}","templated":true}]}}