{"id":16689,"date":"2021-04-20T00:20:18","date_gmt":"2021-04-20T05:20:18","guid":{"rendered":"http:\/\/119.8.7.19\/masterprom\/producto\/t312\/"},"modified":"2021-04-20T00:20:18","modified_gmt":"2021-04-20T05:20:18","slug":"t312","status":"publish","type":"product","link":"http:\/\/119.8.7.19\/masterprom\/producto\/t312\/","title":{"rendered":"T312"},"content":{"rendered":"<p>Bol\u00edgrafo y puntero met\u00e1lico &#8220;touch&#8221; metal. tinta negra. bol\u00edgrafo, se\u00f1alador laser color rojo, luz led y punta touch para pantallas t\u00e1ctiles. incluye bater\u00edas m\u00e1s 3 bater\u00edas de repuesto. destape dorado al grabar.<\/p>\n","protected":false},"excerpt":{"rendered":"<p>Bol\u00edgrafo y puntero met\u00e1lico &#8220;touch&#8221; metal. tinta negra. bol\u00edgrafo, se\u00f1alador laser color rojo, luz led y punta touch para pantallas t\u00e1ctiles. incluye bater\u00edas m\u00e1s 3 bater\u00edas de repuesto. destape dorado al grabar.<\/p>\n","protected":false},"featured_media":0,"comment_status":"closed","ping_status":"open","template":"","meta":[],"class_list":["post-16689","product","type-product","status-publish","hentry","product_cat-boligrafos-metalicos","product_cat-escritura","product_tag-cdo"],"_links":{"self":[{"href":"http:\/\/119.8.7.19\/masterprom\/wp-json\/wp\/v2\/product\/16689","targetHints":{"allow":["GET"]}}],"collection":[{"href":"http:\/\/119.8.7.19\/masterprom\/wp-json\/wp\/v2\/product"}],"about":[{"href":"http:\/\/119.8.7.19\/masterprom\/wp-json\/wp\/v2\/types\/product"}],"replies":[{"embeddable":true,"href":"http:\/\/119.8.7.19\/masterprom\/wp-json\/wp\/v2\/comments?post=16689"}],"wp:attachment":[{"href":"http:\/\/119.8.7.19\/masterprom\/wp-json\/wp\/v2\/media?parent=16689"}],"curies":[{"name":"wp","href":"https:\/\/api.w.org\/{rel}","templated":true}]}}