{"id":16681,"date":"2021-04-20T00:20:14","date_gmt":"2021-04-20T05:20:14","guid":{"rendered":"http:\/\/119.8.7.19\/masterprom\/producto\/sun-met\/"},"modified":"2021-04-20T00:20:16","modified_gmt":"2021-04-20T05:20:16","slug":"sun-met","status":"publish","type":"product","link":"http:\/\/119.8.7.19\/masterprom\/producto\/sun-met\/","title":{"rendered":"SUN-MET"},"content":{"rendered":"<p>Bol\u00edgrafo met\u00e1lico con tap\u00f3n que cierra a presi\u00f3n. Acabado negro brillante. Detalles color cromo y cuerpo de fibra de carbono que le da ese singular dise\u00f1o cuadriculado. Escritura de alto desempe\u00f1o<br \/>\ndebido a su repuesto japon\u00e9s tipo roller (a elegir entre tinta negra o azul). Incluye estuche individual.<\/p>\n","protected":false},"excerpt":{"rendered":"<p>Bol\u00edgrafo met\u00e1lico con tap\u00f3n que cierra a presi\u00f3n. Acabado negro brillante. Detalles color cromo y cuerpo de fibra de carbono que le da ese singular dise\u00f1o cuadriculado. Escritura de alto desempe\u00f1o<br \/>\ndebido a su repuesto japon\u00e9s tipo roller (a elegir entre tinta negra o azul). Incluye estuche individual.<\/p>\n","protected":false},"featured_media":0,"comment_status":"closed","ping_status":"open","template":"","meta":[],"class_list":["post-16681","product","type-product","status-publish","hentry","product_cat-boligrafos-metalicos","product_cat-escritura","product_tag-g4"],"_links":{"self":[{"href":"http:\/\/119.8.7.19\/masterprom\/wp-json\/wp\/v2\/product\/16681","targetHints":{"allow":["GET"]}}],"collection":[{"href":"http:\/\/119.8.7.19\/masterprom\/wp-json\/wp\/v2\/product"}],"about":[{"href":"http:\/\/119.8.7.19\/masterprom\/wp-json\/wp\/v2\/types\/product"}],"replies":[{"embeddable":true,"href":"http:\/\/119.8.7.19\/masterprom\/wp-json\/wp\/v2\/comments?post=16681"}],"wp:attachment":[{"href":"http:\/\/119.8.7.19\/masterprom\/wp-json\/wp\/v2\/media?parent=16681"}],"curies":[{"name":"wp","href":"https:\/\/api.w.org\/{rel}","templated":true}]}}