{"id":16676,"date":"2021-04-20T00:20:14","date_gmt":"2021-04-20T05:20:14","guid":{"rendered":"http:\/\/119.8.7.19\/masterprom\/producto\/kan-met\/"},"modified":"2021-04-20T00:20:15","modified_gmt":"2021-04-20T05:20:15","slug":"kan-met","status":"publish","type":"product","link":"http:\/\/119.8.7.19\/masterprom\/producto\/kan-met\/","title":{"rendered":"KAN-MET"},"content":{"rendered":"<p>Bol\u00edgrafo Japon\u00e9s de mecanismo retr\u00e1ctil. Hecho en 2 materiales. La parte de acero inoxidable permite grabado en oxidaci\u00f3n. Mientras que el extremo de pl\u00e1stico define el color y le da ligereza al producto. Escritura de alto desempe\u00f1o debido a su repuesto japon\u00e9s de tinta Gel Negra. Incluye funda de terciopelo negra.<\/p>\n","protected":false},"excerpt":{"rendered":"<p>Bol\u00edgrafo Japon\u00e9s de mecanismo retr\u00e1ctil. Hecho en 2 materiales. La parte de acero inoxidable permite grabado en oxidaci\u00f3n. Mientras que el extremo de pl\u00e1stico define el color y le da ligereza al producto. Escritura de alto desempe\u00f1o debido a su repuesto japon\u00e9s de tinta Gel Negra. Incluye funda de terciopelo negra.<\/p>\n","protected":false},"featured_media":0,"comment_status":"closed","ping_status":"open","template":"","meta":[],"class_list":["post-16676","product","type-product","status-publish","hentry","product_cat-boligrafos-metalicos","product_cat-escritura","product_tag-g4"],"_links":{"self":[{"href":"http:\/\/119.8.7.19\/masterprom\/wp-json\/wp\/v2\/product\/16676","targetHints":{"allow":["GET"]}}],"collection":[{"href":"http:\/\/119.8.7.19\/masterprom\/wp-json\/wp\/v2\/product"}],"about":[{"href":"http:\/\/119.8.7.19\/masterprom\/wp-json\/wp\/v2\/types\/product"}],"replies":[{"embeddable":true,"href":"http:\/\/119.8.7.19\/masterprom\/wp-json\/wp\/v2\/comments?post=16676"}],"wp:attachment":[{"href":"http:\/\/119.8.7.19\/masterprom\/wp-json\/wp\/v2\/media?parent=16676"}],"curies":[{"name":"wp","href":"https:\/\/api.w.org\/{rel}","templated":true}]}}