{"id":16675,"date":"2021-04-20T00:20:14","date_gmt":"2021-04-20T05:20:14","guid":{"rendered":"http:\/\/119.8.7.19\/masterprom\/producto\/lum-las\/"},"modified":"2021-04-20T00:20:15","modified_gmt":"2021-04-20T05:20:15","slug":"lum-las","status":"publish","type":"product","link":"http:\/\/119.8.7.19\/masterprom\/producto\/lum-las\/","title":{"rendered":"LUM-LAS"},"content":{"rendered":"<p>Bol\u00edgrafo met\u00e1lico con tap\u00f3n. Cuenta con luz led y l\u00e1ser que se activan al presionar los botones ubicados en el cuerpo del bol\u00edgrafo. Con touch en el tap\u00f3n. Incluye Bater\u00edas. Tinta negra. Incluye estuche<br \/>\nindividual.<\/p>\n","protected":false},"excerpt":{"rendered":"<p>Bol\u00edgrafo met\u00e1lico con tap\u00f3n. Cuenta con luz led y l\u00e1ser que se activan al presionar los botones ubicados en el cuerpo del bol\u00edgrafo. Con touch en el tap\u00f3n. Incluye Bater\u00edas. Tinta negra. Incluye estuche<br \/>\nindividual.<\/p>\n","protected":false},"featured_media":0,"comment_status":"closed","ping_status":"open","template":"","meta":[],"class_list":["post-16675","product","type-product","status-publish","hentry","product_cat-boligrafos-metalicos","product_cat-escritura","product_tag-g4"],"_links":{"self":[{"href":"http:\/\/119.8.7.19\/masterprom\/wp-json\/wp\/v2\/product\/16675","targetHints":{"allow":["GET"]}}],"collection":[{"href":"http:\/\/119.8.7.19\/masterprom\/wp-json\/wp\/v2\/product"}],"about":[{"href":"http:\/\/119.8.7.19\/masterprom\/wp-json\/wp\/v2\/types\/product"}],"replies":[{"embeddable":true,"href":"http:\/\/119.8.7.19\/masterprom\/wp-json\/wp\/v2\/comments?post=16675"}],"wp:attachment":[{"href":"http:\/\/119.8.7.19\/masterprom\/wp-json\/wp\/v2\/media?parent=16675"}],"curies":[{"name":"wp","href":"https:\/\/api.w.org\/{rel}","templated":true}]}}