{"id":16674,"date":"2021-04-20T00:20:14","date_gmt":"2021-04-20T05:20:14","guid":{"rendered":"http:\/\/119.8.7.19\/masterprom\/producto\/kai-met\/"},"modified":"2021-04-20T00:20:15","modified_gmt":"2021-04-20T05:20:15","slug":"kai-met","status":"publish","type":"product","link":"http:\/\/119.8.7.19\/masterprom\/producto\/kai-met\/","title":{"rendered":"KAI-MET"},"content":{"rendered":"<p>Bol\u00edgrafo met\u00e1lico de una sola pieza. Suave mecanismo de giro. Acabados impecables y escritura del m\u00e1s alto desempe\u00f1o. Cuenta con touch negro en la punta. Tinta japonesa color negro de secado<br \/>\ninmediato. Elegante estuche individual de cierre magn\u00e9tico y extra funda de cart\u00f3n blanco que recubre el estuche.<\/p>\n","protected":false},"excerpt":{"rendered":"<p>Bol\u00edgrafo met\u00e1lico de una sola pieza. Suave mecanismo de giro. Acabados impecables y escritura del m\u00e1s alto desempe\u00f1o. Cuenta con touch negro en la punta. Tinta japonesa color negro de secado<br \/>\ninmediato. Elegante estuche individual de cierre magn\u00e9tico y extra funda de cart\u00f3n blanco que recubre el estuche.<\/p>\n","protected":false},"featured_media":0,"comment_status":"closed","ping_status":"open","template":"","meta":[],"class_list":["post-16674","product","type-product","status-publish","hentry","product_cat-boligrafos-metalicos","product_cat-escritura","product_tag-g4"],"_links":{"self":[{"href":"http:\/\/119.8.7.19\/masterprom\/wp-json\/wp\/v2\/product\/16674","targetHints":{"allow":["GET"]}}],"collection":[{"href":"http:\/\/119.8.7.19\/masterprom\/wp-json\/wp\/v2\/product"}],"about":[{"href":"http:\/\/119.8.7.19\/masterprom\/wp-json\/wp\/v2\/types\/product"}],"replies":[{"embeddable":true,"href":"http:\/\/119.8.7.19\/masterprom\/wp-json\/wp\/v2\/comments?post=16674"}],"wp:attachment":[{"href":"http:\/\/119.8.7.19\/masterprom\/wp-json\/wp\/v2\/media?parent=16674"}],"curies":[{"name":"wp","href":"https:\/\/api.w.org\/{rel}","templated":true}]}}