{"id":16672,"date":"2021-04-20T00:20:14","date_gmt":"2021-04-20T05:20:14","guid":{"rendered":"http:\/\/119.8.7.19\/masterprom\/producto\/imp-sol\/"},"modified":"2021-04-20T00:20:15","modified_gmt":"2021-04-20T05:20:15","slug":"imp-sol","status":"publish","type":"product","link":"http:\/\/119.8.7.19\/masterprom\/producto\/imp-sol\/","title":{"rendered":"IMP-SOL"},"content":{"rendered":"<p>Bol\u00edgrafo met\u00e1lico con tap\u00f3n que cierra a presi\u00f3n. Con gran variedad de colores. Acabado mate y detalles cromados, con excepci\u00f3n de la Imperial negra de detalles dorados. Escritura de alto desempe\u00f1o debido a su repuesto japon\u00e9s tipo roller (a elegir entre tinta negra o azul). Incluye estuche individual.<\/p>\n","protected":false},"excerpt":{"rendered":"<p>Bol\u00edgrafo met\u00e1lico con tap\u00f3n que cierra a presi\u00f3n. Con gran variedad de colores. Acabado mate y detalles cromados, con excepci\u00f3n de la Imperial negra de detalles dorados. Escritura de alto desempe\u00f1o debido a su repuesto japon\u00e9s tipo roller (a elegir entre tinta negra o azul). Incluye estuche individual.<\/p>\n","protected":false},"featured_media":0,"comment_status":"closed","ping_status":"open","template":"","meta":[],"class_list":["post-16672","product","type-product","status-publish","hentry","product_cat-boligrafos-metalicos","product_cat-escritura","product_tag-g4"],"_links":{"self":[{"href":"http:\/\/119.8.7.19\/masterprom\/wp-json\/wp\/v2\/product\/16672","targetHints":{"allow":["GET"]}}],"collection":[{"href":"http:\/\/119.8.7.19\/masterprom\/wp-json\/wp\/v2\/product"}],"about":[{"href":"http:\/\/119.8.7.19\/masterprom\/wp-json\/wp\/v2\/types\/product"}],"replies":[{"embeddable":true,"href":"http:\/\/119.8.7.19\/masterprom\/wp-json\/wp\/v2\/comments?post=16672"}],"wp:attachment":[{"href":"http:\/\/119.8.7.19\/masterprom\/wp-json\/wp\/v2\/media?parent=16672"}],"curies":[{"name":"wp","href":"https:\/\/api.w.org\/{rel}","templated":true}]}}