{"id":16665,"date":"2021-04-20T00:20:11","date_gmt":"2021-04-20T05:20:11","guid":{"rendered":"http:\/\/119.8.7.19\/masterprom\/producto\/inb-met\/"},"modified":"2021-04-20T00:20:13","modified_gmt":"2021-04-20T05:20:13","slug":"inb-met","status":"publish","type":"product","link":"http:\/\/119.8.7.19\/masterprom\/producto\/inb-met\/","title":{"rendered":"INB-MET"},"content":{"rendered":"<p>Bol\u00edgrafo multifuncional de acero inoxidable con acabado negro antireflejante, mecanismo de giro sin fin, tinta negra, tinta roja y lapicero, peque\u00f1o borrador en la parte superior cubierto con tap\u00f3n de rosca. Elegante, discreto y ligero, tintas de excelente desempe\u00f1o.<\/p>\n","protected":false},"excerpt":{"rendered":"<p>Bol\u00edgrafo multifuncional de acero inoxidable con acabado negro antireflejante, mecanismo de giro sin fin, tinta negra, tinta roja y lapicero, peque\u00f1o borrador en la parte superior cubierto con tap\u00f3n de rosca. Elegante, discreto y ligero, tintas de excelente desempe\u00f1o.<\/p>\n","protected":false},"featured_media":0,"comment_status":"closed","ping_status":"open","template":"","meta":[],"class_list":["post-16665","product","type-product","status-publish","hentry","product_cat-boligrafos-metalicos","product_cat-escritura","product_tag-g4"],"_links":{"self":[{"href":"http:\/\/119.8.7.19\/masterprom\/wp-json\/wp\/v2\/product\/16665","targetHints":{"allow":["GET"]}}],"collection":[{"href":"http:\/\/119.8.7.19\/masterprom\/wp-json\/wp\/v2\/product"}],"about":[{"href":"http:\/\/119.8.7.19\/masterprom\/wp-json\/wp\/v2\/types\/product"}],"replies":[{"embeddable":true,"href":"http:\/\/119.8.7.19\/masterprom\/wp-json\/wp\/v2\/comments?post=16665"}],"wp:attachment":[{"href":"http:\/\/119.8.7.19\/masterprom\/wp-json\/wp\/v2\/media?parent=16665"}],"curies":[{"name":"wp","href":"https:\/\/api.w.org\/{rel}","templated":true}]}}