{"id":16663,"date":"2021-04-20T00:20:11","date_gmt":"2021-04-20T05:20:11","guid":{"rendered":"http:\/\/119.8.7.19\/masterprom\/producto\/mto-met\/"},"modified":"2021-04-20T00:20:13","modified_gmt":"2021-04-20T05:20:13","slug":"mto-met","status":"publish","type":"product","link":"http:\/\/119.8.7.19\/masterprom\/producto\/mto-met\/","title":{"rendered":"MTO-MET"},"content":{"rendered":"<p>Peque\u00f1o bol\u00edgrafo met\u00e1lico de una sola pieza, acabado negro brillante y detalles cromados, mecanismo de giro con touch en el extremo opuesto a la punta, tinta negra, incluye funda de<br \/>\nterciopelo negra.<\/p>\n","protected":false},"excerpt":{"rendered":"<p>Peque\u00f1o bol\u00edgrafo met\u00e1lico de una sola pieza, acabado negro brillante y detalles cromados, mecanismo de giro con touch en el extremo opuesto a la punta, tinta negra, incluye funda de<br \/>\nterciopelo negra.<\/p>\n","protected":false},"featured_media":0,"comment_status":"closed","ping_status":"open","template":"","meta":[],"class_list":["post-16663","product","type-product","status-publish","hentry","product_cat-boligrafos-metalicos","product_cat-escritura","product_tag-g4"],"_links":{"self":[{"href":"http:\/\/119.8.7.19\/masterprom\/wp-json\/wp\/v2\/product\/16663","targetHints":{"allow":["GET"]}}],"collection":[{"href":"http:\/\/119.8.7.19\/masterprom\/wp-json\/wp\/v2\/product"}],"about":[{"href":"http:\/\/119.8.7.19\/masterprom\/wp-json\/wp\/v2\/types\/product"}],"replies":[{"embeddable":true,"href":"http:\/\/119.8.7.19\/masterprom\/wp-json\/wp\/v2\/comments?post=16663"}],"wp:attachment":[{"href":"http:\/\/119.8.7.19\/masterprom\/wp-json\/wp\/v2\/media?parent=16663"}],"curies":[{"name":"wp","href":"https:\/\/api.w.org\/{rel}","templated":true}]}}