{"id":16662,"date":"2021-04-20T00:20:11","date_gmt":"2021-04-20T05:20:11","guid":{"rendered":"http:\/\/119.8.7.19\/masterprom\/producto\/xte-met\/"},"modified":"2021-04-20T00:20:13","modified_gmt":"2021-04-20T05:20:13","slug":"xte-met","status":"publish","type":"product","link":"http:\/\/119.8.7.19\/masterprom\/producto\/xte-met\/","title":{"rendered":"XTE-MET"},"content":{"rendered":"<p>Bol\u00edgrafo met\u00e1lico con detalles cromados, para utilizarlo, es necesario tirar de los dos extremos, ya que al tomar su tama\u00f1o regular, la punta queda expuesta para poder utilizarlo, de la misma<br \/>\nmanera, para contraer el repuesto, ser\u00e1 necesario regresarlo a su posici\u00f3n original, tinta Negra, incluye estuche individual.<\/p>\n","protected":false},"excerpt":{"rendered":"<p>Bol\u00edgrafo met\u00e1lico con detalles cromados, para utilizarlo, es necesario tirar de los dos extremos, ya que al tomar su tama\u00f1o regular, la punta queda expuesta para poder utilizarlo, de la misma<br \/>\nmanera, para contraer el repuesto, ser\u00e1 necesario regresarlo a su posici\u00f3n original, tinta Negra, incluye estuche individual.<\/p>\n","protected":false},"featured_media":0,"comment_status":"closed","ping_status":"open","template":"","meta":[],"class_list":["post-16662","product","type-product","status-publish","hentry","product_cat-boligrafos-metalicos","product_cat-escritura","product_tag-g4"],"_links":{"self":[{"href":"http:\/\/119.8.7.19\/masterprom\/wp-json\/wp\/v2\/product\/16662","targetHints":{"allow":["GET"]}}],"collection":[{"href":"http:\/\/119.8.7.19\/masterprom\/wp-json\/wp\/v2\/product"}],"about":[{"href":"http:\/\/119.8.7.19\/masterprom\/wp-json\/wp\/v2\/types\/product"}],"replies":[{"embeddable":true,"href":"http:\/\/119.8.7.19\/masterprom\/wp-json\/wp\/v2\/comments?post=16662"}],"wp:attachment":[{"href":"http:\/\/119.8.7.19\/masterprom\/wp-json\/wp\/v2\/media?parent=16662"}],"curies":[{"name":"wp","href":"https:\/\/api.w.org\/{rel}","templated":true}]}}