{"id":16661,"date":"2021-04-20T00:20:11","date_gmt":"2021-04-20T05:20:11","guid":{"rendered":"http:\/\/119.8.7.19\/masterprom\/producto\/aria-met\/"},"modified":"2021-04-20T00:20:13","modified_gmt":"2021-04-20T05:20:13","slug":"aria-met","status":"publish","type":"product","link":"http:\/\/119.8.7.19\/masterprom\/producto\/aria-met\/","title":{"rendered":"ARIA-MET"},"content":{"rendered":"<p>Bol\u00edgrafo con tap\u00f3n que cierra a presi\u00f3n, detalles color cromo, salvo el acero, el bol\u00edgrafo negro y azul tienen una suave textura ahulada, escritura de alto desempe\u00f1o debido a su repuesto japon\u00e9s tipo roller (a elegir entre tinta negra o azul).<\/p>\n","protected":false},"excerpt":{"rendered":"<p>Bol\u00edgrafo con tap\u00f3n que cierra a presi\u00f3n, detalles color cromo, salvo el acero, el bol\u00edgrafo negro y azul tienen una suave textura ahulada, escritura de alto desempe\u00f1o debido a su repuesto japon\u00e9s tipo roller (a elegir entre tinta negra o azul).<\/p>\n","protected":false},"featured_media":0,"comment_status":"closed","ping_status":"open","template":"","meta":[],"class_list":["post-16661","product","type-product","status-publish","hentry","product_cat-boligrafos-metalicos","product_cat-escritura","product_tag-g4"],"_links":{"self":[{"href":"http:\/\/119.8.7.19\/masterprom\/wp-json\/wp\/v2\/product\/16661","targetHints":{"allow":["GET"]}}],"collection":[{"href":"http:\/\/119.8.7.19\/masterprom\/wp-json\/wp\/v2\/product"}],"about":[{"href":"http:\/\/119.8.7.19\/masterprom\/wp-json\/wp\/v2\/types\/product"}],"replies":[{"embeddable":true,"href":"http:\/\/119.8.7.19\/masterprom\/wp-json\/wp\/v2\/comments?post=16661"}],"wp:attachment":[{"href":"http:\/\/119.8.7.19\/masterprom\/wp-json\/wp\/v2\/media?parent=16661"}],"curies":[{"name":"wp","href":"https:\/\/api.w.org\/{rel}","templated":true}]}}