{"id":16653,"date":"2021-04-20T00:20:11","date_gmt":"2021-04-20T05:20:11","guid":{"rendered":"http:\/\/119.8.7.19\/masterprom\/producto\/a2314\/"},"modified":"2021-04-20T00:20:12","modified_gmt":"2021-04-20T05:20:12","slug":"a2314","status":"publish","type":"product","link":"http:\/\/119.8.7.19\/masterprom\/producto\/a2314\/","title":{"rendered":"A2314"},"content":{"rendered":"<p>Set de bol\u00edgrafos de acero inoxidable. Un bol\u00edgrafo de punto fino tipo roller con tapa y otro bol\u00edgrafo con mecanismo retr\u00e1ctil con clip y punta en color plata. Presentaci\u00f3n: caja de regalo color negra. Medidas del estuche 17.7&#215;5.8&#215;2.1cm.Bol\u00edgrafos 13.5&#215;1.5cm<\/p>\n","protected":false},"excerpt":{"rendered":"<p>Set de bol\u00edgrafos de acero inoxidable. Un bol\u00edgrafo de punto fino tipo roller con tapa y otro bol\u00edgrafo con mecanismo retr\u00e1ctil con clip y punta en color plata. Presentaci\u00f3n: caja de regalo color negra. Medidas del estuche 17.7&#215;5.8&#215;2.1cm.Bol\u00edgrafos 13.5&#215;1.5cm<\/p>\n","protected":false},"featured_media":0,"comment_status":"closed","ping_status":"open","template":"","meta":[],"class_list":["post-16653","product","type-product","status-publish","hentry","product_cat-boligrafos-metalicos","product_cat-escritura","product_tag-winideas","pa_detalle-especifico-boligrafos-13-5x1-5cm"],"_links":{"self":[{"href":"http:\/\/119.8.7.19\/masterprom\/wp-json\/wp\/v2\/product\/16653","targetHints":{"allow":["GET"]}}],"collection":[{"href":"http:\/\/119.8.7.19\/masterprom\/wp-json\/wp\/v2\/product"}],"about":[{"href":"http:\/\/119.8.7.19\/masterprom\/wp-json\/wp\/v2\/types\/product"}],"replies":[{"embeddable":true,"href":"http:\/\/119.8.7.19\/masterprom\/wp-json\/wp\/v2\/comments?post=16653"}],"wp:attachment":[{"href":"http:\/\/119.8.7.19\/masterprom\/wp-json\/wp\/v2\/media?parent=16653"}],"curies":[{"name":"wp","href":"https:\/\/api.w.org\/{rel}","templated":true}]}}