{"id":16650,"date":"2021-04-20T00:20:11","date_gmt":"2021-04-20T05:20:11","guid":{"rendered":"http:\/\/119.8.7.19\/masterprom\/producto\/a2129\/"},"modified":"2021-04-20T00:20:11","modified_gmt":"2021-04-20T05:20:11","slug":"a2129","status":"publish","type":"product","link":"http:\/\/119.8.7.19\/masterprom\/producto\/a2129\/","title":{"rendered":"A2129"},"content":{"rendered":"<p>Bol\u00edgrafo met\u00e1lico con goma especial para dispositivos touch del mismo color que el tap\u00f3n del bol\u00edgrafo, un fino detalle que lo hace lucir elegante, ademas, cuenta con linterna e incluye bater\u00edas.<\/p>\n","protected":false},"excerpt":{"rendered":"<p>Bol\u00edgrafo met\u00e1lico con goma especial para dispositivos touch del mismo color que el tap\u00f3n del bol\u00edgrafo, un fino detalle que lo hace lucir elegante, ademas, cuenta con linterna e incluye bater\u00edas.<\/p>\n","protected":false},"featured_media":0,"comment_status":"closed","ping_status":"open","template":"","meta":[],"class_list":["post-16650","product","type-product","status-publish","hentry","product_cat-boligrafos-metalicos","product_cat-escritura","product_tag-winideas"],"_links":{"self":[{"href":"http:\/\/119.8.7.19\/masterprom\/wp-json\/wp\/v2\/product\/16650","targetHints":{"allow":["GET"]}}],"collection":[{"href":"http:\/\/119.8.7.19\/masterprom\/wp-json\/wp\/v2\/product"}],"about":[{"href":"http:\/\/119.8.7.19\/masterprom\/wp-json\/wp\/v2\/types\/product"}],"replies":[{"embeddable":true,"href":"http:\/\/119.8.7.19\/masterprom\/wp-json\/wp\/v2\/comments?post=16650"}],"wp:attachment":[{"href":"http:\/\/119.8.7.19\/masterprom\/wp-json\/wp\/v2\/media?parent=16650"}],"curies":[{"name":"wp","href":"https:\/\/api.w.org\/{rel}","templated":true}]}}