{"id":16649,"date":"2021-04-20T00:20:11","date_gmt":"2021-04-20T05:20:11","guid":{"rendered":"http:\/\/119.8.7.19\/masterprom\/producto\/a2123\/"},"modified":"2021-04-20T00:20:11","modified_gmt":"2021-04-20T05:20:11","slug":"a2123","status":"publish","type":"product","link":"http:\/\/119.8.7.19\/masterprom\/producto\/a2123\/","title":{"rendered":"A2123"},"content":{"rendered":"<p>Bol\u00edgrafo met\u00e1lico negro, clip y detalles plateados. Cuenta con luz LED y apuntador l\u00e1ser, botones de encendido para cada una de estas funciones, as\u00ed como touch para dispositivos con pantallas t\u00e1ctiles. Ideal para esas juntas de negocios. Incluye caja.<\/p>\n","protected":false},"excerpt":{"rendered":"<p>Bol\u00edgrafo met\u00e1lico negro, clip y detalles plateados. Cuenta con luz LED y apuntador l\u00e1ser, botones de encendido para cada una de estas funciones, as\u00ed como touch para dispositivos con pantallas t\u00e1ctiles. Ideal para esas juntas de negocios. Incluye caja.<\/p>\n","protected":false},"featured_media":0,"comment_status":"closed","ping_status":"open","template":"","meta":[],"class_list":["post-16649","product","type-product","status-publish","hentry","product_cat-boligrafos-metalicos","product_cat-escritura","product_tag-winideas"],"_links":{"self":[{"href":"http:\/\/119.8.7.19\/masterprom\/wp-json\/wp\/v2\/product\/16649","targetHints":{"allow":["GET"]}}],"collection":[{"href":"http:\/\/119.8.7.19\/masterprom\/wp-json\/wp\/v2\/product"}],"about":[{"href":"http:\/\/119.8.7.19\/masterprom\/wp-json\/wp\/v2\/types\/product"}],"replies":[{"embeddable":true,"href":"http:\/\/119.8.7.19\/masterprom\/wp-json\/wp\/v2\/comments?post=16649"}],"wp:attachment":[{"href":"http:\/\/119.8.7.19\/masterprom\/wp-json\/wp\/v2\/media?parent=16649"}],"curies":[{"name":"wp","href":"https:\/\/api.w.org\/{rel}","templated":true}]}}