{"id":16648,"date":"2021-04-20T00:20:08","date_gmt":"2021-04-20T05:20:08","guid":{"rendered":"http:\/\/119.8.7.19\/masterprom\/producto\/2108\/"},"modified":"2021-04-20T00:20:10","modified_gmt":"2021-04-20T05:20:10","slug":"2108","status":"publish","type":"product","link":"http:\/\/119.8.7.19\/masterprom\/producto\/2108\/","title":{"rendered":"2108"},"content":{"rendered":"<p>Bol\u00edgrafo met\u00e1lico con luz y se\u00f1alador l\u00e1ser, ideal para presentaciones. Incluye estuche, 3 pilas y 3 de repuesto.<\/p>\n","protected":false},"excerpt":{"rendered":"<p>Bol\u00edgrafo met\u00e1lico con luz y se\u00f1alador l\u00e1ser, ideal para presentaciones. Incluye estuche, 3 pilas y 3 de repuesto.<\/p>\n","protected":false},"featured_media":0,"comment_status":"closed","ping_status":"open","template":"","meta":[],"class_list":["post-16648","product","type-product","status-publish","hentry","product_cat-boligrafos-metalicos","product_cat-escritura","product_tag-winideas"],"_links":{"self":[{"href":"http:\/\/119.8.7.19\/masterprom\/wp-json\/wp\/v2\/product\/16648","targetHints":{"allow":["GET"]}}],"collection":[{"href":"http:\/\/119.8.7.19\/masterprom\/wp-json\/wp\/v2\/product"}],"about":[{"href":"http:\/\/119.8.7.19\/masterprom\/wp-json\/wp\/v2\/types\/product"}],"replies":[{"embeddable":true,"href":"http:\/\/119.8.7.19\/masterprom\/wp-json\/wp\/v2\/comments?post=16648"}],"wp:attachment":[{"href":"http:\/\/119.8.7.19\/masterprom\/wp-json\/wp\/v2\/media?parent=16648"}],"curies":[{"name":"wp","href":"https:\/\/api.w.org\/{rel}","templated":true}]}}