{"id":16632,"date":"2021-04-20T00:20:08","date_gmt":"2021-04-20T05:20:08","guid":{"rendered":"http:\/\/119.8.7.19\/masterprom\/producto\/bl-083\/"},"modified":"2021-04-20T00:20:09","modified_gmt":"2021-04-20T05:20:09","slug":"bl-083","status":"publish","type":"product","link":"http:\/\/119.8.7.19\/masterprom\/producto\/bl-083\/","title":{"rendered":"BL-083"},"content":{"rendered":"<p>Bol\u00edgrafo met\u00e1lico multifunciones, luz led, se\u00f1alador l\u00e1ser, puntero touch y tinta negra. incluye estuche individual.<\/p>\n","protected":false},"excerpt":{"rendered":"<p>Bol\u00edgrafo met\u00e1lico multifunciones, luz led, se\u00f1alador l\u00e1ser, puntero touch y tinta negra. incluye estuche individual.<\/p>\n","protected":false},"featured_media":0,"comment_status":"closed","ping_status":"open","template":"","meta":[],"class_list":["post-16632","product","type-product","status-publish","hentry","product_cat-boligrafos-metalicos","product_cat-escritura","product_tag-innova"],"_links":{"self":[{"href":"http:\/\/119.8.7.19\/masterprom\/wp-json\/wp\/v2\/product\/16632","targetHints":{"allow":["GET"]}}],"collection":[{"href":"http:\/\/119.8.7.19\/masterprom\/wp-json\/wp\/v2\/product"}],"about":[{"href":"http:\/\/119.8.7.19\/masterprom\/wp-json\/wp\/v2\/types\/product"}],"replies":[{"embeddable":true,"href":"http:\/\/119.8.7.19\/masterprom\/wp-json\/wp\/v2\/comments?post=16632"}],"wp:attachment":[{"href":"http:\/\/119.8.7.19\/masterprom\/wp-json\/wp\/v2\/media?parent=16632"}],"curies":[{"name":"wp","href":"https:\/\/api.w.org\/{rel}","templated":true}]}}