{"id":16625,"date":"2021-04-20T00:20:05","date_gmt":"2021-04-20T05:20:05","guid":{"rendered":"http:\/\/119.8.7.19\/masterprom\/producto\/fm-7555\/"},"modified":"2021-04-20T00:20:07","modified_gmt":"2021-04-20T05:20:07","slug":"fm-7555","status":"publish","type":"product","link":"http:\/\/119.8.7.19\/masterprom\/producto\/fm-7555\/","title":{"rendered":"FM 7555"},"content":{"rendered":"<p>Bol\u00edgrafo met\u00e1lico con mecanismo retr\u00e1ctil. Incluye estuche.<\/p>\n","protected":false},"excerpt":{"rendered":"<p>Bol\u00edgrafo met\u00e1lico con mecanismo retr\u00e1ctil. Incluye estuche.<\/p>\n","protected":false},"featured_media":0,"comment_status":"closed","ping_status":"open","template":"","meta":[],"class_list":["post-16625","product","type-product","status-publish","hentry","product_cat-boligrafos-metalicos","product_cat-escritura","product_tag-4-promotional"],"_links":{"self":[{"href":"http:\/\/119.8.7.19\/masterprom\/wp-json\/wp\/v2\/product\/16625","targetHints":{"allow":["GET"]}}],"collection":[{"href":"http:\/\/119.8.7.19\/masterprom\/wp-json\/wp\/v2\/product"}],"about":[{"href":"http:\/\/119.8.7.19\/masterprom\/wp-json\/wp\/v2\/types\/product"}],"replies":[{"embeddable":true,"href":"http:\/\/119.8.7.19\/masterprom\/wp-json\/wp\/v2\/comments?post=16625"}],"wp:attachment":[{"href":"http:\/\/119.8.7.19\/masterprom\/wp-json\/wp\/v2\/media?parent=16625"}],"curies":[{"name":"wp","href":"https:\/\/api.w.org\/{rel}","templated":true}]}}